{"id":3572,"date":"2024-01-15T06:15:54","date_gmt":"2024-01-15T06:15:54","guid":{"rendered":"https:\/\/www.makroexport.com\/sobre-nosotros\/"},"modified":"2024-01-30T07:48:32","modified_gmt":"2024-01-30T07:48:32","slug":"sobre-nosotros","status":"publish","type":"page","link":"https:\/\/www.makroexport.com\/es\/sobre-nosotros\/","title":{"rendered":"Nosotros"},"content":{"rendered":"\t\t<div data-elementor-type=\"wp-page\" data-elementor-id=\"3572\" class=\"elementor elementor-3572\">\n\t\t\t\t\t\t<section class=\"elementor-section elementor-top-section elementor-element elementor-element-31adfda elementor-section-content-middle elementor-section-boxed elementor-section-height-default elementor-section-height-default\" data-id=\"31adfda\" data-element_type=\"section\">\n\t\t\t\t\t\t<div class=\"elementor-container elementor-column-gap-extended\">\n\t\t\t\t\t<div class=\"elementor-column elementor-col-50 elementor-top-column elementor-element elementor-element-b522144 ot-flex-column-vertical\" data-id=\"b522144\" data-element_type=\"column\">\n\t\t\t<div class=\"elementor-widget-wrap elementor-element-populated\">\n\t\t\t\t\t\t<div class=\"elementor-element elementor-element-057dd50 elementor-widget elementor-widget-image\" data-id=\"057dd50\" data-element_type=\"widget\" data-widget_type=\"image.default\">\n\t\t\t\t<div class=\"elementor-widget-container\">\n\t\t\t\t\t\t\t\t\t\t\t\t\t\t\t<img fetchpriority=\"high\" decoding=\"async\" width=\"630\" height=\"475\" src=\"https:\/\/www.makroexport.com\/wp-content\/uploads\/image1-about-us-1-1.jpg\" class=\"attachment-full size-full wp-image-4767\" alt=\"\" srcset=\"https:\/\/www.makroexport.com\/wp-content\/uploads\/image1-about-us-1-1.jpg 630w, https:\/\/www.makroexport.com\/wp-content\/uploads\/image1-about-us-1-1-300x226.jpg 300w\" sizes=\"(max-width: 630px) 100vw, 630px\" \/>\t\t\t\t\t\t\t\t\t\t\t\t\t\t\t<\/div>\n\t\t\t\t<\/div>\n\t\t\t\t\t<\/div>\n\t\t<\/div>\n\t\t\t\t<div class=\"elementor-column elementor-col-50 elementor-top-column elementor-element elementor-element-b14f440 ot-flex-column-vertical\" data-id=\"b14f440\" data-element_type=\"column\">\n\t\t\t<div class=\"elementor-widget-wrap elementor-element-populated\">\n\t\t\t\t\t\t<div class=\"elementor-element elementor-element-06988d6 elementor-widget elementor-widget-iheading\" data-id=\"06988d6\" data-element_type=\"widget\" data-widget_type=\"iheading.default\">\n\t\t\t\t<div class=\"elementor-widget-container\">\n\t\t\t\t\t\t\t<div class=\"ot-heading\">\r\n\t        \t        <h3 class=\"main-head\">Makro Export: Calidad y confianza m\u00e1s all\u00e1 de las fronteras<\/h3>\t    <\/div>\r\n\t    \t\t\t\t<\/div>\n\t\t\t\t<\/div>\n\t\t\t\t<div class=\"elementor-element elementor-element-1ddcbb5 elementor-widget elementor-widget-text-editor\" data-id=\"1ddcbb5\" data-element_type=\"widget\" data-widget_type=\"text-editor.default\">\n\t\t\t\t<div class=\"elementor-widget-container\">\n\t\t\t\t\t\t\t\t\t<p>Makro Export brinda a sus clientes la posibilidad de expandirse globalmente con consultor\u00eda experta en comercio exterior. Nuestro equipo, al tanto de las tendencias del mercado mundial, provee estrategias para impulsar la ventaja competitiva de nuestros clientes.<\/p>\t\t\t\t\t\t\t\t<\/div>\n\t\t\t\t<\/div>\n\t\t\t\t<div class=\"elementor-element elementor-element-2543e67 elementor-widget elementor-widget-text-editor\" data-id=\"2543e67\" data-element_type=\"widget\" data-widget_type=\"text-editor.default\">\n\t\t\t\t<div class=\"elementor-widget-container\">\n\t\t\t\t\t\t\t\t\t<p>Makro Export, l\u00edder internacional en importaci\u00f3n y exportaci\u00f3n, opera con una diversa gama de productos en Consultor\u00eda de Comercio Exterior, Elementos de Fijaci\u00f3n, Filtros, Recambios y Maquinaria, ofreciendo alta calidad, fiabilidad e innovaci\u00f3n a nuestros clientes.<\/p>\t\t\t\t\t\t\t\t<\/div>\n\t\t\t\t<\/div>\n\t\t\t\t\t<\/div>\n\t\t<\/div>\n\t\t\t\t\t<\/div>\n\t\t<\/section>\n\t\t\t\t<section class=\"elementor-section elementor-top-section elementor-element elementor-element-53343ab elementor-section-content-middle elementor-reverse-tablet elementor-reverse-mobile elementor-section-boxed elementor-section-height-default elementor-section-height-default\" data-id=\"53343ab\" data-element_type=\"section\">\n\t\t\t\t\t\t<div class=\"elementor-container elementor-column-gap-extended\">\n\t\t\t\t\t<div class=\"elementor-column elementor-col-50 elementor-top-column elementor-element elementor-element-1d733cc ot-flex-column-vertical\" data-id=\"1d733cc\" data-element_type=\"column\">\n\t\t\t<div class=\"elementor-widget-wrap elementor-element-populated\">\n\t\t\t\t\t\t<div class=\"elementor-element elementor-element-7238327 elementor-widget elementor-widget-image\" data-id=\"7238327\" data-element_type=\"widget\" data-widget_type=\"image.default\">\n\t\t\t\t<div class=\"elementor-widget-container\">\n\t\t\t\t\t\t\t\t\t\t\t\t\t\t\t<img decoding=\"async\" width=\"516\" height=\"625\" src=\"https:\/\/www.makroexport.com\/wp-content\/uploads\/image2-about-us-2.png\" class=\"attachment-full size-full wp-image-4770\" alt=\"\" srcset=\"https:\/\/www.makroexport.com\/wp-content\/uploads\/image2-about-us-2.png 516w, https:\/\/www.makroexport.com\/wp-content\/uploads\/image2-about-us-2-248x300.png 248w\" sizes=\"(max-width: 516px) 100vw, 516px\" \/>\t\t\t\t\t\t\t\t\t\t\t\t\t\t\t<\/div>\n\t\t\t\t<\/div>\n\t\t\t\t\t<\/div>\n\t\t<\/div>\n\t\t\t\t<div class=\"elementor-column elementor-col-50 elementor-top-column elementor-element elementor-element-1bcf46e ot-flex-column-vertical\" data-id=\"1bcf46e\" data-element_type=\"column\">\n\t\t\t<div class=\"elementor-widget-wrap elementor-element-populated\">\n\t\t\t\t\t\t<div class=\"elementor-element elementor-element-c4041f5 elementor-widget elementor-widget-iheading\" data-id=\"c4041f5\" data-element_type=\"widget\" data-widget_type=\"iheading.default\">\n\t\t\t\t<div class=\"elementor-widget-container\">\n\t\t\t\t\t\t\t<div class=\"ot-heading\">\r\n\t        <span class=\"\">NUESTROS PRINCIPIOS B\u00c1SICOS<\/span>\t        <h3 class=\"main-head\">Alcance global con comprensi\u00f3n local<\/h3>\t    <\/div>\r\n\t    \t\t\t\t<\/div>\n\t\t\t\t<\/div>\n\t\t\t\t<div class=\"elementor-element elementor-element-bbdf4cc elementor-widget elementor-widget-text-editor\" data-id=\"bbdf4cc\" data-element_type=\"widget\" data-widget_type=\"text-editor.default\">\n\t\t\t\t<div class=\"elementor-widget-container\">\n\t\t\t\t\t\t\t\t\t<p>En Makro Export, nos hemos establecido como un socio confiable, valorando la satisfacci\u00f3n del cliente y las normas de calidad. Nos enorgullece brindar un servicio superior, adapt\u00e1ndonos a un mercado en constante evoluci\u00f3n y cambio.<\/p>\t\t\t\t\t\t\t\t<\/div>\n\t\t\t\t<\/div>\n\t\t\t\t<div class=\"elementor-element elementor-element-4667b47 elementor-widget elementor-widget-iprogress\" data-id=\"4667b47\" data-element_type=\"widget\" data-widget_type=\"iprogress.default\">\n\t\t\t\t<div class=\"elementor-widget-container\">\n\t\t\t\t\t\r\n\t\t\t\t<div class=\"line-progress\" data-percent=\"60\">\r\n\t        <h6>AN\u00c1LISIS DE MARKETING\n<\/h6>\t\t\t\r\n\t        <div class=\"iprogress\">\r\n\t\t\t\t<div class=\"progress-bar\">\r\n\t\t\t\t\t<span class=\"percent\"><\/span>\t\t\t\t<\/div>\r\n\t\t\t<\/div>\r\n\t    <\/div>\r\n\t\t\t\t\t\t<\/div>\n\t\t\t\t<\/div>\n\t\t\t\t<div class=\"elementor-element elementor-element-166dcfd elementor-widget elementor-widget-iprogress\" data-id=\"166dcfd\" data-element_type=\"widget\" data-widget_type=\"iprogress.default\">\n\t\t\t\t<div class=\"elementor-widget-container\">\n\t\t\t\t\t\r\n\t\t\t\t<div class=\"line-progress\" data-percent=\"80\">\r\n\t        <h6>ESTRATEGIA FINANCIERA\n<\/h6>\t\t\t\r\n\t        <div class=\"iprogress\">\r\n\t\t\t\t<div class=\"progress-bar\">\r\n\t\t\t\t\t<span class=\"percent\"><\/span>\t\t\t\t<\/div>\r\n\t\t\t<\/div>\r\n\t    <\/div>\r\n\t\t\t\t\t\t<\/div>\n\t\t\t\t<\/div>\n\t\t\t\t<div class=\"elementor-element elementor-element-321bd2c elementor-widget elementor-widget-iprogress\" data-id=\"321bd2c\" data-element_type=\"widget\" data-widget_type=\"iprogress.default\">\n\t\t\t\t<div class=\"elementor-widget-container\">\n\t\t\t\t\t\r\n\t\t\t\t<div class=\"line-progress\" data-percent=\"58\">\r\n\t        <h6>INNOVACI\u00d3N EMPRESARIAL\n<\/h6>\t\t\t\r\n\t        <div class=\"iprogress\">\r\n\t\t\t\t<div class=\"progress-bar\">\r\n\t\t\t\t\t<span class=\"percent\"><\/span>\t\t\t\t<\/div>\r\n\t\t\t<\/div>\r\n\t    <\/div>\r\n\t\t\t\t\t\t<\/div>\n\t\t\t\t<\/div>\n\t\t\t\t\t<\/div>\n\t\t<\/div>\n\t\t\t\t\t<\/div>\n\t\t<\/section>\n\t\t\t\t<section class=\"elementor-section elementor-top-section elementor-element elementor-element-bd69772 elementor-section-boxed elementor-section-height-default elementor-section-height-default\" data-id=\"bd69772\" data-element_type=\"section\">\n\t\t\t\t\t\t<div class=\"elementor-container elementor-column-gap-default\">\n\t\t\t\t\t<div class=\"elementor-column elementor-col-100 elementor-top-column elementor-element elementor-element-b9efdee ot-flex-column-vertical\" data-id=\"b9efdee\" data-element_type=\"column\">\n\t\t\t<div class=\"elementor-widget-wrap elementor-element-populated\">\n\t\t\t\t\t\t<section class=\"elementor-section elementor-inner-section elementor-element elementor-element-3878007 elementor-section-boxed elementor-section-height-default elementor-section-height-default\" data-id=\"3878007\" data-element_type=\"section\" data-settings=\"{&quot;background_background&quot;:&quot;classic&quot;}\">\n\t\t\t\t\t\t<div class=\"elementor-container elementor-column-gap-default\">\n\t\t\t\t\t<div class=\"elementor-column elementor-col-100 elementor-inner-column elementor-element elementor-element-9e29e83 ot-flex-column-vertical\" data-id=\"9e29e83\" data-element_type=\"column\">\n\t\t\t<div class=\"elementor-widget-wrap elementor-element-populated\">\n\t\t\t\t\t\t<div class=\"elementor-element elementor-element-642d898 section-baner elementor-widget elementor-widget-text-editor\" data-id=\"642d898\" data-element_type=\"widget\" data-widget_type=\"text-editor.default\">\n\t\t\t\t<div class=\"elementor-widget-container\">\n\t\t\t\t\t\t\t\t\t<h3>Always for you, our valuable producers<\/h3><p>We are at your side in export development and overseas marketing processes<\/p>\t\t\t\t\t\t\t\t<\/div>\n\t\t\t\t<\/div>\n\t\t\t\t\t<\/div>\n\t\t<\/div>\n\t\t\t\t\t<\/div>\n\t\t<\/section>\n\t\t\t\t\t<\/div>\n\t\t<\/div>\n\t\t\t\t\t<\/div>\n\t\t<\/section>\n\t\t\t\t<section class=\"elementor-section elementor-top-section elementor-element elementor-element-c3f518a elementor-section-content-middle elementor-reverse-tablet elementor-reverse-mobile elementor-section-boxed elementor-section-height-default elementor-section-height-default\" data-id=\"c3f518a\" data-element_type=\"section\">\n\t\t\t\t\t\t<div class=\"elementor-container elementor-column-gap-extended\">\n\t\t\t\t\t<div class=\"elementor-column elementor-col-50 elementor-top-column elementor-element elementor-element-7cb1f41 ot-flex-column-vertical\" data-id=\"7cb1f41\" data-element_type=\"column\">\n\t\t\t<div class=\"elementor-widget-wrap elementor-element-populated\">\n\t\t\t\t\t\t<div class=\"elementor-element elementor-element-db2778c elementor-widget elementor-widget-image\" data-id=\"db2778c\" data-element_type=\"widget\" data-widget_type=\"image.default\">\n\t\t\t\t<div class=\"elementor-widget-container\">\n\t\t\t\t\t\t\t\t\t\t\t\t\t\t\t<img decoding=\"async\" width=\"1200\" height=\"800\" src=\"https:\/\/www.makroexport.com\/wp-content\/uploads\/scale_1200-1.jpg\" class=\"attachment-full size-full wp-image-5176\" alt=\"\" srcset=\"https:\/\/www.makroexport.com\/wp-content\/uploads\/scale_1200-1.jpg 1200w, https:\/\/www.makroexport.com\/wp-content\/uploads\/scale_1200-1-300x200.jpg 300w, https:\/\/www.makroexport.com\/wp-content\/uploads\/scale_1200-1-1024x683.jpg 1024w, https:\/\/www.makroexport.com\/wp-content\/uploads\/scale_1200-1-768x512.jpg 768w, https:\/\/www.makroexport.com\/wp-content\/uploads\/scale_1200-1-600x400.jpg 600w\" sizes=\"(max-width: 1200px) 100vw, 1200px\" \/>\t\t\t\t\t\t\t\t\t\t\t\t\t\t\t<\/div>\n\t\t\t\t<\/div>\n\t\t\t\t\t<\/div>\n\t\t<\/div>\n\t\t\t\t<div class=\"elementor-column elementor-col-50 elementor-top-column elementor-element elementor-element-f79724a ot-flex-column-vertical\" data-id=\"f79724a\" data-element_type=\"column\">\n\t\t\t<div class=\"elementor-widget-wrap elementor-element-populated\">\n\t\t\t\t\t\t<div class=\"elementor-element elementor-element-e62f1d9 elementor-widget elementor-widget-iheading\" data-id=\"e62f1d9\" data-element_type=\"widget\" data-widget_type=\"iheading.default\">\n\t\t\t\t<div class=\"elementor-widget-container\">\n\t\t\t\t\t\t\t<div class=\"ot-heading\">\r\n\t        <span class=\"\">ABRIENDO PUERTAS A NUEVAS OPORTUNIDADES<\/span>\t        <h3 class=\"main-head\">Pr\u00e1cticas Profesionales en Makro Export, Empresa de Comercio Exterior.<\/h3>\t    <\/div>\r\n\t    \t\t\t\t<\/div>\n\t\t\t\t<\/div>\n\t\t\t\t<div class=\"elementor-element elementor-element-399f4a5 elementor-widget elementor-widget-text-editor\" data-id=\"399f4a5\" data-element_type=\"widget\" data-widget_type=\"text-editor.default\">\n\t\t\t\t<div class=\"elementor-widget-container\">\n\t\t\t\t\t\t\t\t\t<p>\u00bfListo para un viaje donde innovaci\u00f3n y experiencia se unen? Makro Export Company, l\u00edder en comercio internacional, invita a estudiantes entusiastas y din\u00e1micos a pasant\u00edas enriquecedoras.<\/p>\t\t\t\t\t\t\t\t<\/div>\n\t\t\t\t<\/div>\n\t\t\t\t<div class=\"elementor-element elementor-element-1e2c398 elementor-widget elementor-widget-ibutton\" data-id=\"1e2c398\" data-element_type=\"widget\" data-widget_type=\"ibutton.default\">\n\t\t\t\t<div class=\"elementor-widget-container\">\n\t\t\t\t\t\t\t<div class=\"ot-button\">\r\n\t\t\t<a href=\"https:\/\/www.makroexport.com\/es\/nuestros-servicios\/experiencias-en-practicas\/\" target=\"_blank\" class=\"octf-btn octf-btn-main\">PARA DETALLES DE LA PASANT\u00cdA:<\/a>\r\n\t    <\/div>\r\n\t    \t\t\t\t<\/div>\n\t\t\t\t<\/div>\n\t\t\t\t\t<\/div>\n\t\t<\/div>\n\t\t\t\t\t<\/div>\n\t\t<\/section>\n\t\t\t\t<section class=\"elementor-section elementor-top-section elementor-element elementor-element-c6f13f1 elementor-section-boxed elementor-section-height-default elementor-section-height-default\" data-id=\"c6f13f1\" data-element_type=\"section\" data-settings=\"{&quot;background_background&quot;:&quot;classic&quot;}\">\n\t\t\t\t\t\t<div class=\"elementor-container elementor-column-gap-default\">\n\t\t\t\t\t<div class=\"elementor-column elementor-col-100 elementor-top-column elementor-element elementor-element-3f9e3d0 ot-flex-column-vertical\" data-id=\"3f9e3d0\" data-element_type=\"column\">\n\t\t\t<div class=\"elementor-widget-wrap\">\n\t\t\t\t\t\t\t<\/div>\n\t\t<\/div>\n\t\t\t\t\t<\/div>\n\t\t<\/section>\n\t\t\t\t<section class=\"elementor-section elementor-top-section elementor-element elementor-element-baabe42 elementor-section-boxed elementor-section-height-default elementor-section-height-default\" data-id=\"baabe42\" data-element_type=\"section\">\n\t\t\t\t\t\t<div class=\"elementor-container elementor-column-gap-default\">\n\t\t\t\t\t<div class=\"elementor-column elementor-col-20 elementor-top-column elementor-element elementor-element-019c652 ot-flex-column-vertical\" data-id=\"019c652\" data-element_type=\"column\">\n\t\t\t<div class=\"elementor-widget-wrap elementor-element-populated\">\n\t\t\t\t\t\t<div class=\"elementor-element elementor-element-45f6c9f elementor-widget elementor-widget-iimage_box\" data-id=\"45f6c9f\" data-element_type=\"widget\" data-widget_type=\"iimage_box.default\">\n\t\t\t\t<div class=\"elementor-widget-container\">\n\t\t\t\t\t\r\n\t\t<div class=\"ot-image-box\">\r\n\t\t\t<a href=\"https:\/\/www.makroexport.com\/es\/consultoria\/\" target=\"_blank\"><img decoding=\"async\" src=\"https:\/\/www.makroexport.com\/wp-content\/uploads\/makro-export-logo.png\" title=\"makro-export-logo\" alt=\"makro-export-logo\" loading=\"lazy\" \/><\/a>\t\t\t<div class=\"content-box\">\r\n\t\t\t\t\t\t\t\t<p>Llevamos a cabo todos sus negocios de comercio exterior con nuestro equipo de expertos, centr\u00e1ndonos en el marketing eficaz y el crecimiento.\n<\/p>\t\t\t<\/div>\r\n\t\t\t<a href=\"https:\/\/www.makroexport.com\/es\/consultoria\/\" target=\"_blank\" class=\"link-box font-second\"><span>visitar el sitio<\/span><i class=\"ot-flaticon-trajectory\"><\/i><\/a>\t    <\/div>\r\n\r\n\t    \t\t\t\t<\/div>\n\t\t\t\t<\/div>\n\t\t\t\t\t<\/div>\n\t\t<\/div>\n\t\t\t\t<div class=\"elementor-column elementor-col-20 elementor-top-column elementor-element elementor-element-4939101 ot-flex-column-vertical\" data-id=\"4939101\" data-element_type=\"column\">\n\t\t\t<div class=\"elementor-widget-wrap elementor-element-populated\">\n\t\t\t\t\t\t<div class=\"elementor-element elementor-element-572592b elementor-widget elementor-widget-iimage_box\" data-id=\"572592b\" data-element_type=\"widget\" data-widget_type=\"iimage_box.default\">\n\t\t\t\t<div class=\"elementor-widget-container\">\n\t\t\t\t\t\r\n\t\t<div class=\"ot-image-box\">\r\n\t\t\t<a href=\"https:\/\/mexbaglanti.com\/\"><img decoding=\"async\" src=\"https:\/\/www.makroexport.com\/wp-content\/uploads\/mex-baglanti-logo.png\" title=\"mex-baglanti-logo\" alt=\"mex-baglanti-logo\" loading=\"lazy\" \/><\/a>\t\t\t<div class=\"content-box\">\r\n\t\t\t\t\t\t\t\t<p>Como Mex Fasteners, prestamos servicios mediante la fabricaci\u00f3n de tornillos, pernos, tuercas y espigas en el grupo de elementos de fijaci\u00f3n.\n<\/p>\t\t\t<\/div>\r\n\t\t\t<a href=\"https:\/\/mexbaglanti.com\/\" class=\"link-box font-second\"><span>visitar el sitio<\/span><i class=\"ot-flaticon-trajectory\"><\/i><\/a>\t    <\/div>\r\n\r\n\t    \t\t\t\t<\/div>\n\t\t\t\t<\/div>\n\t\t\t\t\t<\/div>\n\t\t<\/div>\n\t\t\t\t<div class=\"elementor-column elementor-col-20 elementor-top-column elementor-element elementor-element-d035419 ot-flex-column-vertical\" data-id=\"d035419\" data-element_type=\"column\">\n\t\t\t<div class=\"elementor-widget-wrap elementor-element-populated\">\n\t\t\t\t\t\t<div class=\"elementor-element elementor-element-aa885c5 elementor-widget elementor-widget-iimage_box\" data-id=\"aa885c5\" data-element_type=\"widget\" data-widget_type=\"iimage_box.default\">\n\t\t\t\t<div class=\"elementor-widget-container\">\n\t\t\t\t\t\r\n\t\t<div class=\"ot-image-box\">\r\n\t\t\t<a href=\"https:\/\/mexparts.com.tr\/\"><img loading=\"lazy\" decoding=\"async\" width=\"200\" height=\"90\" src=\"https:\/\/www.makroexport.com\/wp-content\/uploads\/mex-parts-logo.png\" class=\"attachment-full size-full wp-image-4146\" alt=\"\" \/><\/a>\t\t\t<div class=\"content-box\">\r\n\t\t\t\t\t\t\t\t<p>Todos los tipos de filtros, equipos de maquinaria de construcci\u00f3n, cajas de engranajes, etc. Prestamos servicio con todo el grupo de piezas de repuesto.\n<\/p>\t\t\t<\/div>\r\n\t\t\t<a href=\"https:\/\/mexparts.com.tr\/\" class=\"link-box font-second\"><span>visitar el sitio<\/span><i class=\"ot-flaticon-trajectory\"><\/i><\/a>\t    <\/div>\r\n\r\n\t    \t\t\t\t<\/div>\n\t\t\t\t<\/div>\n\t\t\t\t\t<\/div>\n\t\t<\/div>\n\t\t\t\t<div class=\"elementor-column elementor-col-20 elementor-top-column elementor-element elementor-element-ff81c70 ot-flex-column-vertical\" data-id=\"ff81c70\" data-element_type=\"column\">\n\t\t\t<div class=\"elementor-widget-wrap elementor-element-populated\">\n\t\t\t\t\t\t<div class=\"elementor-element elementor-element-246118e elementor-widget elementor-widget-iimage_box\" data-id=\"246118e\" data-element_type=\"widget\" data-widget_type=\"iimage_box.default\">\n\t\t\t\t<div class=\"elementor-widget-container\">\n\t\t\t\t\t\r\n\t\t<div class=\"ot-image-box\">\r\n\t\t\t<a href=\"https:\/\/mexrockdrill.com\/\"><img loading=\"lazy\" decoding=\"async\" width=\"200\" height=\"90\" src=\"https:\/\/www.makroexport.com\/wp-content\/uploads\/mex-rock-drill-logo.png\" class=\"attachment-full size-full wp-image-4097\" alt=\"\" \/><\/a>\t\t\t<div class=\"content-box\">\r\n\t\t\t\t\t\t\t\t<p>Fabricamos piezas de repuesto para equipos de perforaci\u00f3n y voladura. Atlas Copco - Epiroc - Sandvik - Tamrock - Frukawa - Ingersoll Rand\n<\/p>\t\t\t<\/div>\r\n\t\t\t<a href=\"https:\/\/mexrockdrill.com\/\" class=\"link-box font-second\"><span>visitar el sitio<\/span><i class=\"ot-flaticon-trajectory\"><\/i><\/a>\t    <\/div>\r\n\r\n\t    \t\t\t\t<\/div>\n\t\t\t\t<\/div>\n\t\t\t\t\t<\/div>\n\t\t<\/div>\n\t\t\t\t<div class=\"elementor-column elementor-col-20 elementor-top-column elementor-element elementor-element-38c71bc ot-flex-column-vertical\" data-id=\"38c71bc\" data-element_type=\"column\">\n\t\t\t<div class=\"elementor-widget-wrap elementor-element-populated\">\n\t\t\t\t\t\t<div class=\"elementor-element elementor-element-46bab0b elementor-widget elementor-widget-iimage_box\" data-id=\"46bab0b\" data-element_type=\"widget\" data-widget_type=\"iimage_box.default\">\n\t\t\t\t<div class=\"elementor-widget-container\">\n\t\t\t\t\t\r\n\t\t<div class=\"ot-image-box\">\r\n\t\t\t<a href=\"#\"><img loading=\"lazy\" decoding=\"async\" width=\"200\" height=\"90\" src=\"https:\/\/www.makroexport.com\/wp-content\/uploads\/makro-makine.png\" class=\"attachment-full size-full wp-image-4104\" alt=\"\" \/><\/a>\t\t\t<div class=\"content-box\">\r\n\t\t\t\t\t\t\t\t<p>Llevamos a cabo todos sus negocios de comercio exterior con nuestro equipo de expertos, centr\u00e1ndonos en el marketing eficaz y el crecimiento.\n<\/p>\t\t\t<\/div>\r\n\t\t\t<a href=\"#\" class=\"link-box font-second\"><span>visitar el sitio<\/span><i class=\"ot-flaticon-trajectory\"><\/i><\/a>\t    <\/div>\r\n\r\n\t    \t\t\t\t<\/div>\n\t\t\t\t<\/div>\n\t\t\t\t\t<\/div>\n\t\t<\/div>\n\t\t\t\t\t<\/div>\n\t\t<\/section>\n\t\t\t\t<\/div>\n\t\t","protected":false},"excerpt":{"rendered":"<p>Makro Export: Calidad y confianza m\u00e1s all\u00e1 de las fronteras Makro Export brinda a sus clientes la posibilidad de expandirse globalmente con consultor\u00eda experta en comercio exterior. Nuestro equipo, al tanto de las tendencias del mercado mundial, provee estrategias para impulsar la ventaja competitiva de nuestros clientes. Makro Export, l\u00edder internacional en importaci\u00f3n y exportaci\u00f3n, [&hellip;]<\/p>\n","protected":false},"author":1,"featured_media":0,"parent":0,"menu_order":0,"comment_status":"closed","ping_status":"closed","template":"","meta":{"footnotes":""},"class_list":["post-3572","page","type-page","status-publish","hentry"],"_links":{"self":[{"href":"https:\/\/www.makroexport.com\/es\/wp-json\/wp\/v2\/pages\/3572","targetHints":{"allow":["GET"]}}],"collection":[{"href":"https:\/\/www.makroexport.com\/es\/wp-json\/wp\/v2\/pages"}],"about":[{"href":"https:\/\/www.makroexport.com\/es\/wp-json\/wp\/v2\/types\/page"}],"author":[{"embeddable":true,"href":"https:\/\/www.makroexport.com\/es\/wp-json\/wp\/v2\/users\/1"}],"replies":[{"embeddable":true,"href":"https:\/\/www.makroexport.com\/es\/wp-json\/wp\/v2\/comments?post=3572"}],"version-history":[{"count":19,"href":"https:\/\/www.makroexport.com\/es\/wp-json\/wp\/v2\/pages\/3572\/revisions"}],"predecessor-version":[{"id":5261,"href":"https:\/\/www.makroexport.com\/es\/wp-json\/wp\/v2\/pages\/3572\/revisions\/5261"}],"wp:attachment":[{"href":"https:\/\/www.makroexport.com\/es\/wp-json\/wp\/v2\/media?parent=3572"}],"curies":[{"name":"wp","href":"https:\/\/api.w.org\/{rel}","templated":true}]}}