{"id":3574,"date":"2024-01-15T06:19:26","date_gmt":"2024-01-15T06:19:26","guid":{"rendered":"https:\/\/www.makroexport.com\/contacto\/"},"modified":"2024-07-21T14:13:21","modified_gmt":"2024-07-21T14:13:21","slug":"contacto","status":"publish","type":"page","link":"https:\/\/www.makroexport.com\/es\/contacto\/","title":{"rendered":"Contacto"},"content":{"rendered":"\t\t<div data-elementor-type=\"wp-page\" data-elementor-id=\"3574\" class=\"elementor elementor-3574\">\n\t\t\t\t\t\t<section class=\"elementor-section elementor-top-section elementor-element elementor-element-5b201bf elementor-section-boxed elementor-section-height-default elementor-section-height-default\" data-id=\"5b201bf\" data-element_type=\"section\">\n\t\t\t\t\t\t<div class=\"elementor-container elementor-column-gap-extended\">\n\t\t\t\t\t<div class=\"elementor-column elementor-col-33 elementor-top-column elementor-element elementor-element-357d4c1 ot-flex-column-vertical\" data-id=\"357d4c1\" data-element_type=\"column\">\n\t\t\t<div class=\"elementor-widget-wrap elementor-element-populated\">\n\t\t\t\t\t\t<div class=\"elementor-element elementor-element-559a7e7 elementor-widget elementor-widget-iheading\" data-id=\"559a7e7\" data-element_type=\"widget\" data-widget_type=\"iheading.default\">\n\t\t\t\t<div class=\"elementor-widget-container\">\n\t\t\t\t\t\t\t<div class=\"ot-heading\">\r\n\t        <span class=\"\">DETALLES DE CONTACTO<\/span>\t        <h3 class=\"main-head\">Nuestros Contactos<\/h3>\t    <\/div>\r\n\t    \t\t\t\t<\/div>\n\t\t\t\t<\/div>\n\t\t\t\t<div class=\"elementor-element elementor-element-3bf498b elementor-widget elementor-widget-text-editor\" data-id=\"3bf498b\" data-element_type=\"widget\" data-widget_type=\"text-editor.default\">\n\t\t\t\t<div class=\"elementor-widget-container\">\n\t\t\t\t\t\t\t\t\t<div class=\"elementor-element elementor-element-588e854 elementor-widget elementor-widget-text-editor\" data-id=\"588e854\" data-element_type=\"widget\" data-widget_type=\"text-editor.default\"><div class=\"elementor-widget-container\">Cont\u00e1ctenos o vis\u00edtenos en cualquier momento; nos comprometemos a responder a todas las consultas en menos de 24 horas durante d\u00edas h\u00e1biles. Estamos a su disposici\u00f3n para resolver sus dudas.<\/div><\/div>\t\t\t\t\t\t\t\t<\/div>\n\t\t\t\t<\/div>\n\t\t\t\t<div class=\"elementor-element elementor-element-1e7478e box-s1 icon-left elementor-widget elementor-widget-iiconbox2\" data-id=\"1e7478e\" data-element_type=\"widget\" data-widget_type=\"iiconbox2.default\">\n\t\t\t\t<div class=\"elementor-widget-container\">\n\t\t\t\t\t\t\t<div class=\"icon-box icon-box-2\">\r\n\t\t\t<div class=\"icon-main\">\r\n\t\t        <svg xmlns=\"http:\/\/www.w3.org\/2000\/svg\" xmlns:xlink=\"http:\/\/www.w3.org\/1999\/xlink\" x=\"0px\" y=\"0px\" viewBox=\"0 0 512 512\" style=\"enable-background:new 0 0 512 512;\" xml:space=\"preserve\"><g>\t<g>\t\t<path d=\"M256,0C150.125,0,64,86.135,64,192c0,141.646,177.146,310,184.688,317.104C250.75,511.031,253.375,512,256,512   s5.25-0.969,7.313-2.896C270.854,502,448,333.646,448,192C448,86.135,361.875,0,256,0z M256,298.667   c-58.813,0-106.667-47.854-106.667-106.667S197.188,85.333,256,85.333S362.667,133.188,362.667,192S314.813,298.667,256,298.667z\"><\/path>\t<\/g><\/g><\/svg>\t        <\/div>\r\n\t        <div class=\"content-box\">\r\n\t\t\t\t<h6 class=\"title-box\"><a href=\"https:\/\/maps.app.goo.gl\/5Zs5fWdcP1RcFfKA8\">Vis\u00edtenos a diario<\/a><\/h6>\t\t\t\t<p>Oficina de la zona industrial organizada: <br>\n\u0130VED\u0130K OSB, 1356.CAD. NO: 5, YEN\u0130MAHALLE, 06378, ANKARA, T\u00dcRK\u0130YE<\/p>\t\t\t<\/div>\r\n\t    <\/div>\r\n\t    \t\t\t\t<\/div>\n\t\t\t\t<\/div>\n\t\t\t\t<div class=\"elementor-element elementor-element-0ead2a5 box-s1 icon-left elementor-widget elementor-widget-iiconbox2\" data-id=\"0ead2a5\" data-element_type=\"widget\" data-widget_type=\"iiconbox2.default\">\n\t\t\t\t<div class=\"elementor-widget-container\">\n\t\t\t\t\t\t\t<div class=\"icon-box icon-box-2\">\r\n\t\t\t<div class=\"icon-main\">\r\n\t\t        <svg xmlns=\"http:\/\/www.w3.org\/2000\/svg\" xmlns:xlink=\"http:\/\/www.w3.org\/1999\/xlink\" x=\"0px\" y=\"0px\" viewBox=\"0 0 384 384\" style=\"enable-background:new 0 0 384 384;\" xml:space=\"preserve\"><g>\t<g>\t\t<path d=\"M353.188,252.052c-23.51,0-46.594-3.677-68.469-10.906c-10.719-3.656-23.896-0.302-30.438,6.417l-43.177,32.594   c-50.073-26.729-80.917-57.563-107.281-107.26l31.635-42.052c8.219-8.208,11.167-20.198,7.635-31.448   c-7.26-21.99-10.948-45.063-10.948-68.583C132.146,13.823,118.323,0,101.333,0H30.813C13.823,0,0,13.823,0,30.813   C0,225.563,158.438,384,353.188,384c16.99,0,30.813-13.823,30.813-30.813v-70.323C384,265.875,370.177,252.052,353.188,252.052z\"><\/path>\t<\/g><\/g><\/svg>\t        <\/div>\r\n\t        <div class=\"content-box\">\r\n\t\t\t\t<h6 class=\"title-box\"><a href=\"tel:+90 535 413 90 13\">Ll\u00e1manos 24\/7<\/a><\/h6>\t\t\t\t<p>Office:   +90 312 394 39 25\n<br>Mobile: +90 535 413 90 13<\/p>\t\t\t<\/div>\r\n\t    <\/div>\r\n\t    \t\t\t\t<\/div>\n\t\t\t\t<\/div>\n\t\t\t\t<div class=\"elementor-element elementor-element-1bc2381 box-s1 icon-left elementor-widget elementor-widget-iiconbox2\" data-id=\"1bc2381\" data-element_type=\"widget\" data-widget_type=\"iiconbox2.default\">\n\t\t\t\t<div class=\"elementor-widget-container\">\n\t\t\t\t\t\t\t<div class=\"icon-box icon-box-2\">\r\n\t\t\t<div class=\"icon-main\">\r\n\t\t        <svg xmlns=\"http:\/\/www.w3.org\/2000\/svg\" viewBox=\"0 0 24 24\"><path d=\"m8.75 17.612v4.638c0 .324.208.611.516.713.077.025.156.037.234.037.234 0 .46-.11.604-.306l2.713-3.692z\"><\/path><path d=\"m23.685.139c-.23-.163-.532-.185-.782-.054l-22.5 11.75c-.266.139-.423.423-.401.722.023.3.222.556.505.653l6.255 2.138 13.321-11.39-10.308 12.419 10.483 3.583c.078.026.16.04.242.04.136 0 .271-.037.39-.109.19-.116.319-.311.352-.53l2.75-18.5c.041-.28-.077-.558-.307-.722z\"><\/path><\/svg>\t        <\/div>\r\n\t        <div class=\"content-box\">\r\n\t\t\t\t<h6 class=\"title-box\"><a href=\"mailto: info@makroexport.com\">Env\u00edenos un correo<\/a><\/h6>\t\t\t\t<p>info@makroexport.com\n\n<\/p>\t\t\t<\/div>\r\n\t    <\/div>\r\n\t    \t\t\t\t<\/div>\n\t\t\t\t<\/div>\n\t\t\t\t\t<\/div>\n\t\t<\/div>\n\t\t\t\t<div class=\"elementor-column elementor-col-66 elementor-top-column elementor-element elementor-element-cacd19b ot-flex-column-vertical\" data-id=\"cacd19b\" data-element_type=\"column\">\n\t\t\t<div class=\"elementor-widget-wrap elementor-element-populated\">\n\t\t\t\t\t\t<div class=\"elementor-element elementor-element-88ed8eb elementor-widget elementor-widget-image\" data-id=\"88ed8eb\" data-element_type=\"widget\" data-widget_type=\"image.default\">\n\t\t\t\t<div class=\"elementor-widget-container\">\n\t\t\t\t\t\t\t\t\t\t\t\t\t\t\t<img fetchpriority=\"high\" decoding=\"async\" width=\"849\" height=\"878\" src=\"https:\/\/www.makroexport.com\/wp-content\/uploads\/image-contacts-1.png\" class=\"attachment-full size-full wp-image-465\" alt=\"\" srcset=\"https:\/\/www.makroexport.com\/wp-content\/uploads\/image-contacts-1.png 849w, https:\/\/www.makroexport.com\/wp-content\/uploads\/image-contacts-1-290x300.png 290w, https:\/\/www.makroexport.com\/wp-content\/uploads\/image-contacts-1-768x794.png 768w\" sizes=\"(max-width: 849px) 100vw, 849px\" \/>\t\t\t\t\t\t\t\t\t\t\t\t\t\t\t<\/div>\n\t\t\t\t<\/div>\n\t\t\t\t\t<\/div>\n\t\t<\/div>\n\t\t\t\t\t<\/div>\n\t\t<\/section>\n\t\t\t\t<section class=\"elementor-section elementor-top-section elementor-element elementor-element-a178ae6 elementor-section-full_width elementor-section-height-default elementor-section-height-default\" data-id=\"a178ae6\" data-element_type=\"section\">\n\t\t\t\t\t\t<div class=\"elementor-container elementor-column-gap-default\">\n\t\t\t\t\t<div class=\"elementor-column elementor-col-100 elementor-top-column elementor-element elementor-element-d0f932d ot-flex-column-vertical\" data-id=\"d0f932d\" data-element_type=\"column\">\n\t\t\t<div class=\"elementor-widget-wrap elementor-element-populated\">\n\t\t\t\t\t\t<div class=\"elementor-element elementor-element-a6dd7ba elementor-widget elementor-widget-ictf7\" data-id=\"a6dd7ba\" data-element_type=\"widget\" data-widget_type=\"ictf7.default\">\n\t\t\t\t<div class=\"elementor-widget-container\">\n\t\t\t\t\t<div class=\"elementor-shortcode maxbizz-cf7-0\">\n<div class=\"wpcf7 no-js\" id=\"wpcf7-f1319-o1\" lang=\"en-US\" dir=\"ltr\" data-wpcf7-id=\"1319\">\n<div class=\"screen-reader-response\"><p role=\"status\" aria-live=\"polite\" aria-atomic=\"true\"><\/p> <ul><\/ul><\/div>\n<form action=\"\/es\/wp-json\/wp\/v2\/pages\/3574#wpcf7-f1319-o1\" method=\"post\" class=\"wpcf7-form init\" aria-label=\"Contact form\" novalidate=\"novalidate\" data-status=\"init\">\n<fieldset class=\"hidden-fields-container\"><input type=\"hidden\" name=\"_wpcf7\" value=\"1319\" \/><input type=\"hidden\" name=\"_wpcf7_version\" value=\"6.1.4\" \/><input type=\"hidden\" name=\"_wpcf7_locale\" value=\"en_US\" \/><input type=\"hidden\" name=\"_wpcf7_unit_tag\" value=\"wpcf7-f1319-o1\" \/><input type=\"hidden\" name=\"_wpcf7_container_post\" value=\"0\" \/><input type=\"hidden\" name=\"_wpcf7_posted_data_hash\" value=\"\" \/><input type=\"hidden\" name=\"_wpcf7_recaptcha_response\" value=\"\" \/>\n<\/fieldset>\n<div class=\"main-form\">\n\t<h4>Ready to Get Started?\n\t<\/h4>\n\t<div class=\"row\">\n\t\t<p class=\"col-md-6\"><span class=\"wpcf7-form-control-wrap\" data-name=\"your-name\"><input size=\"40\" maxlength=\"400\" class=\"wpcf7-form-control wpcf7-text wpcf7-validates-as-required\" aria-required=\"true\" aria-invalid=\"false\" placeholder=\"Your Name *\" value=\"\" type=\"text\" name=\"your-name\" \/><\/span>\n\t\t<\/p>\n\t\t<p class=\"col-md-6\"><span class=\"wpcf7-form-control-wrap\" data-name=\"your-email\"><input size=\"40\" maxlength=\"400\" class=\"wpcf7-form-control wpcf7-email wpcf7-validates-as-required wpcf7-text wpcf7-validates-as-email\" aria-required=\"true\" aria-invalid=\"false\" placeholder=\"Your Email *\" value=\"\" type=\"email\" name=\"your-email\" \/><\/span>\n\t\t<\/p>\n\t<\/div>\n\t<p><span class=\"wpcf7-form-control-wrap\" data-name=\"your-site\"><input size=\"40\" maxlength=\"400\" class=\"wpcf7-form-control wpcf7-text\" aria-invalid=\"false\" placeholder=\"Website\" value=\"\" type=\"text\" name=\"your-site\" \/><\/span>\n\t<\/p>\n\t<p><span class=\"wpcf7-form-control-wrap\" data-name=\"your-message\"><textarea cols=\"40\" rows=\"10\" maxlength=\"2000\" class=\"wpcf7-form-control wpcf7-textarea\" aria-invalid=\"false\" placeholder=\"Message...\" name=\"your-message\"><\/textarea><\/span>\n\t<\/p>\n\t<p><button type=\"submit\" class=\"octf-btn\">Send Message<\/button>\n\t<\/p>\n<\/div><div class=\"wpcf7-response-output\" aria-hidden=\"true\"><\/div>\n<\/form>\n<\/div>\n<\/div>\t\t\t\t<\/div>\n\t\t\t\t<\/div>\n\t\t\t\t<div class=\"elementor-element elementor-element-94441dc elementor-widget elementor-widget-google_maps\" data-id=\"94441dc\" data-element_type=\"widget\" data-widget_type=\"google_maps.default\">\n\t\t\t\t<div class=\"elementor-widget-container\">\n\t\t\t\t\t\t\t<div class=\"elementor-custom-embed\">\n\t\t\t<iframe loading=\"lazy\"\n\t\t\t\t\tsrc=\"https:\/\/maps.google.com\/maps?q=MAKRO%20EXPORT&#038;t=m&#038;z=15&#038;output=embed&#038;iwloc=near\"\n\t\t\t\t\ttitle=\"MAKRO EXPORT\"\n\t\t\t\t\taria-label=\"MAKRO EXPORT\"\n\t\t\t><\/iframe>\n\t\t<\/div>\n\t\t\t\t\t\t<\/div>\n\t\t\t\t<\/div>\n\t\t\t\t\t<\/div>\n\t\t<\/div>\n\t\t\t\t\t<\/div>\n\t\t<\/section>\n\t\t\t\t<\/div>\n\t\t","protected":false},"excerpt":{"rendered":"<p>DETALLES DE CONTACTO Nuestros Contactos Cont\u00e1ctenos o vis\u00edtenos en cualquier momento; nos comprometemos a responder a todas las consultas en menos de 24 horas durante d\u00edas h\u00e1biles. Estamos a su disposici\u00f3n para resolver sus dudas. Vis\u00edtenos a diario Oficina de la zona industrial organizada: \u0130VED\u0130K OSB, 1356.CAD. NO: 5, YEN\u0130MAHALLE, 06378, ANKARA, T\u00dcRK\u0130YE Ll\u00e1manos 24\/7 [&hellip;]<\/p>\n","protected":false},"author":1,"featured_media":0,"parent":0,"menu_order":0,"comment_status":"closed","ping_status":"closed","template":"","meta":{"footnotes":""},"class_list":["post-3574","page","type-page","status-publish","hentry"],"_links":{"self":[{"href":"https:\/\/www.makroexport.com\/es\/wp-json\/wp\/v2\/pages\/3574","targetHints":{"allow":["GET"]}}],"collection":[{"href":"https:\/\/www.makroexport.com\/es\/wp-json\/wp\/v2\/pages"}],"about":[{"href":"https:\/\/www.makroexport.com\/es\/wp-json\/wp\/v2\/types\/page"}],"author":[{"embeddable":true,"href":"https:\/\/www.makroexport.com\/es\/wp-json\/wp\/v2\/users\/1"}],"replies":[{"embeddable":true,"href":"https:\/\/www.makroexport.com\/es\/wp-json\/wp\/v2\/comments?post=3574"}],"version-history":[{"count":21,"href":"https:\/\/www.makroexport.com\/es\/wp-json\/wp\/v2\/pages\/3574\/revisions"}],"predecessor-version":[{"id":5392,"href":"https:\/\/www.makroexport.com\/es\/wp-json\/wp\/v2\/pages\/3574\/revisions\/5392"}],"wp:attachment":[{"href":"https:\/\/www.makroexport.com\/es\/wp-json\/wp\/v2\/media?parent=3574"}],"curies":[{"name":"wp","href":"https:\/\/api.w.org\/{rel}","templated":true}]}}