{"id":2511,"date":"2020-09-22T03:28:53","date_gmt":"2020-09-22T03:28:53","guid":{"rendered":"https:\/\/www.makroexport.com\/home\/"},"modified":"2025-06-22T19:10:31","modified_gmt":"2025-06-22T19:10:31","slug":"anasayfa","status":"publish","type":"page","link":"https:\/\/www.makroexport.com\/tr\/","title":{"rendered":"Anasayfa"},"content":{"rendered":"\t\t<div data-elementor-type=\"wp-page\" data-elementor-id=\"2511\" class=\"elementor elementor-2511\">\n\t\t\t\t\t\t<section class=\"elementor-section elementor-top-section elementor-element elementor-element-11abc7c elementor-section-full_width elementor-section-content-middle elementor-section-height-default elementor-section-height-default\" data-id=\"11abc7c\" data-element_type=\"section\">\n\t\t\t\t\t\t<div class=\"elementor-container elementor-column-gap-no\">\n\t\t\t\t\t<div class=\"elementor-column elementor-col-50 elementor-top-column elementor-element elementor-element-067b86d ot-flex-column-vertical\" data-id=\"067b86d\" data-element_type=\"column\" data-settings=\"{&quot;background_background&quot;:&quot;classic&quot;}\">\n\t\t\t<div class=\"elementor-widget-wrap elementor-element-populated\">\n\t\t\t\t\t\t<section class=\"elementor-section elementor-inner-section elementor-element elementor-element-c4c5ffa mr_0 elementor-section-boxed elementor-section-height-default elementor-section-height-default\" data-id=\"c4c5ffa\" data-element_type=\"section\">\n\t\t\t\t\t\t<div class=\"elementor-container elementor-column-gap-default\">\n\t\t\t\t\t<div class=\"elementor-column elementor-col-100 elementor-inner-column elementor-element elementor-element-dee41a3 ot-flex-column-vertical\" data-id=\"dee41a3\" data-element_type=\"column\">\n\t\t\t<div class=\"elementor-widget-wrap elementor-element-populated\">\n\t\t\t\t\t\t<div class=\"elementor-element elementor-element-64c872f elementor-widget elementor-widget-iheading\" data-id=\"64c872f\" data-element_type=\"widget\" data-widget_type=\"iheading.default\">\n\t\t\t\t<div class=\"elementor-widget-container\">\n\t\t\t\t\t\t\t<div class=\"ot-heading\">\r\n\t        <span class=\"\">MAKRO EXPORT<\/span>\t        <h2 class=\"main-head\">\u015eirketler Grubu<\/h2>\t    <\/div>\r\n\t    \t\t\t\t<\/div>\n\t\t\t\t<\/div>\n\t\t\t\t<div class=\"elementor-element elementor-element-0d4ed16 elementor-widget elementor-widget-text-editor\" data-id=\"0d4ed16\" data-element_type=\"widget\" data-widget_type=\"text-editor.default\">\n\t\t\t\t<div class=\"elementor-widget-container\">\n\t\t\t\t\t\t\t\t\t<p>G\u00fc\u00e7l\u00fc \u015firketler g\u00fc\u00e7l\u00fc ekiplerle ve i\u015finin uzman\u0131 profesyonellerle \u00e7al\u0131\u015farak de\u011fi\u015fen d\u00fcnyaya ayak uyduran, yeni f\u0131rsatlar\u0131 g\u00f6rebilen \u015firketlerdir.<\/p>\t\t\t\t\t\t\t\t<\/div>\n\t\t\t\t<\/div>\n\t\t\t\t\t<\/div>\n\t\t<\/div>\n\t\t\t\t\t<\/div>\n\t\t<\/section>\n\t\t\t\t\t<\/div>\n\t\t<\/div>\n\t\t\t\t<div class=\"elementor-column elementor-col-50 elementor-top-column elementor-element elementor-element-c774275 ot-flex-column-vertical\" data-id=\"c774275\" data-element_type=\"column\">\n\t\t\t<div class=\"elementor-widget-wrap elementor-element-populated\">\n\t\t\t\t\t\t<div class=\"elementor-element elementor-element-938bc4b elementor-widget__width-initial elementor-widget elementor-widget-image\" data-id=\"938bc4b\" data-element_type=\"widget\" data-widget_type=\"image.default\">\n\t\t\t\t<div class=\"elementor-widget-container\">\n\t\t\t\t\t\t\t\t\t\t\t\t\t\t\t<img fetchpriority=\"high\" decoding=\"async\" width=\"959\" height=\"650\" src=\"https:\/\/www.makroexport.com\/wp-content\/uploads\/image2-home3.jpg\" class=\"attachment-full size-full wp-image-2296\" alt=\"\" srcset=\"https:\/\/www.makroexport.com\/wp-content\/uploads\/image2-home3.jpg 959w, https:\/\/www.makroexport.com\/wp-content\/uploads\/image2-home3-300x203.jpg 300w, https:\/\/www.makroexport.com\/wp-content\/uploads\/image2-home3-768x521.jpg 768w\" sizes=\"(max-width: 959px) 100vw, 959px\" \/>\t\t\t\t\t\t\t\t\t\t\t\t\t\t\t<\/div>\n\t\t\t\t<\/div>\n\t\t\t\t<div class=\"elementor-element elementor-element-a42b3be elementor-widget__width-auto elementor-absolute elementor-hidden-desktop elementor-hidden-tablet elementor-hidden-mobile elementor-widget elementor-widget-ivideopopup\" data-id=\"a42b3be\" data-element_type=\"widget\" data-settings=\"{&quot;_position&quot;:&quot;absolute&quot;}\" data-widget_type=\"ivideopopup.default\">\n\t\t\t\t<div class=\"elementor-widget-container\">\n\t\t\t\t\t\t\t\r\n\t\t<div class=\"ot-video-button flex-middle\">\r\n\t        <a class=\"btn-play\" href=\"#\">\r\n\t\t\t\t<i class=\"ot-flaticon-play\"><\/i>\r\n\t\t\t\t\t        <\/a>\r\n\t        \t    <\/div>\r\n\t    \r\n\t    \t\t\t\t<\/div>\n\t\t\t\t<\/div>\n\t\t\t\t\t<\/div>\n\t\t<\/div>\n\t\t\t\t\t<\/div>\n\t\t<\/section>\n\t\t\t\t<section class=\"elementor-section elementor-top-section elementor-element elementor-element-07a2c9e elementor-section-boxed elementor-section-height-default elementor-section-height-default\" data-id=\"07a2c9e\" data-element_type=\"section\">\n\t\t\t\t\t\t<div class=\"elementor-container elementor-column-gap-default\">\n\t\t\t\t\t<div class=\"elementor-column elementor-col-20 elementor-top-column elementor-element elementor-element-9673a98 ot-flex-column-vertical\" data-id=\"9673a98\" data-element_type=\"column\">\n\t\t\t<div class=\"elementor-widget-wrap elementor-element-populated\">\n\t\t\t\t\t\t<div class=\"elementor-element elementor-element-b5ef744 elementor-widget elementor-widget-iimage_box\" data-id=\"b5ef744\" data-element_type=\"widget\" data-widget_type=\"iimage_box.default\">\n\t\t\t\t<div class=\"elementor-widget-container\">\n\t\t\t\t\t\r\n\t\t<div class=\"ot-image-box\">\r\n\t\t\t<a href=\"https:\/\/www.makroexport.com\/tr\/danismanlik\/\" target=\"_blank\"><img decoding=\"async\" src=\"https:\/\/www.makroexport.com\/wp-content\/uploads\/makro-export-logo.png\" title=\"makro-export-logo\" alt=\"makro-export-logo\" loading=\"lazy\" \/><\/a>\t\t\t<div class=\"content-box\">\r\n\t\t\t\t\t\t\t\t<p>Uzman ekibimizle do\u011fru ara\u015ft\u0131rma, etkili pazarlama ve b\u00fcy\u00fcme odakl\u0131 \u00e7al\u0131\u015farak t\u00fcm d\u0131\u015f ticaret i\u015flerinizi y\u00fcr\u00fct\u00fcyoruz.<\/p>\t\t\t<\/div>\r\n\t\t\t<a href=\"https:\/\/www.makroexport.com\/tr\/danismanlik\/\" target=\"_blank\" class=\"link-box font-second\"><span>siteyi ziyaret et<\/span><i class=\"ot-flaticon-trajectory\"><\/i><\/a>\t    <\/div>\r\n\r\n\t    \t\t\t\t<\/div>\n\t\t\t\t<\/div>\n\t\t\t\t\t<\/div>\n\t\t<\/div>\n\t\t\t\t<div class=\"elementor-column elementor-col-20 elementor-top-column elementor-element elementor-element-a650f30 ot-flex-column-vertical\" data-id=\"a650f30\" data-element_type=\"column\">\n\t\t\t<div class=\"elementor-widget-wrap elementor-element-populated\">\n\t\t\t\t\t\t<div class=\"elementor-element elementor-element-28001e7 elementor-widget elementor-widget-iimage_box\" data-id=\"28001e7\" data-element_type=\"widget\" data-widget_type=\"iimage_box.default\">\n\t\t\t\t<div class=\"elementor-widget-container\">\n\t\t\t\t\t\r\n\t\t<div class=\"ot-image-box\">\r\n\t\t\t<a href=\"https:\/\/mexbaglanti.com\/\"><img decoding=\"async\" src=\"https:\/\/www.makroexport.com\/wp-content\/uploads\/mex-baglanti-logo.png\" title=\"mex-baglanti-logo\" alt=\"mex-baglanti-logo\" loading=\"lazy\" \/><\/a>\t\t\t<div class=\"content-box\">\r\n\t\t\t\t\t\t\t\t<p>Ba\u011flant\u0131 elemanlar\u0131 grubunda vida, civata, somun ve d\u00fcbel \u00e7e\u015fitleri imalat\u0131 ile hizmet vermekteyiz<\/p>\t\t\t<\/div>\r\n\t\t\t<a href=\"https:\/\/mexbaglanti.com\/\" class=\"link-box font-second\"><span>siteyi ziyaret et<\/span><i class=\"ot-flaticon-trajectory\"><\/i><\/a>\t    <\/div>\r\n\r\n\t    \t\t\t\t<\/div>\n\t\t\t\t<\/div>\n\t\t\t\t\t<\/div>\n\t\t<\/div>\n\t\t\t\t<div class=\"elementor-column elementor-col-20 elementor-top-column elementor-element elementor-element-669fd1d ot-flex-column-vertical\" data-id=\"669fd1d\" data-element_type=\"column\">\n\t\t\t<div class=\"elementor-widget-wrap elementor-element-populated\">\n\t\t\t\t\t\t<div class=\"elementor-element elementor-element-9b6645a elementor-widget elementor-widget-iimage_box\" data-id=\"9b6645a\" data-element_type=\"widget\" data-widget_type=\"iimage_box.default\">\n\t\t\t\t<div class=\"elementor-widget-container\">\n\t\t\t\t\t\r\n\t\t<div class=\"ot-image-box\">\r\n\t\t\t<a href=\"https:\/\/mexparts.com.tr\/\"><img decoding=\"async\" width=\"200\" height=\"90\" src=\"https:\/\/www.makroexport.com\/wp-content\/uploads\/mex-parts-logo.png\" class=\"attachment-full size-full wp-image-4146\" alt=\"\" \/><\/a>\t\t\t<div class=\"content-box\">\r\n\t\t\t\t\t\t\t\t<p>T\u00fcm filtre \u00e7e\u015fitleri, i\u015f makinalar\u0131 ekipmanlar\u0131, di\u015fli kutular\u0131 vb. t\u00fcm yedek par\u00e7a grubuyla hizmet vermekteyiz.<\/p>\t\t\t<\/div>\r\n\t\t\t<a href=\"https:\/\/mexparts.com.tr\/\" class=\"link-box font-second\"><span>siteyi ziyaret et<\/span><i class=\"ot-flaticon-trajectory\"><\/i><\/a>\t    <\/div>\r\n\r\n\t    \t\t\t\t<\/div>\n\t\t\t\t<\/div>\n\t\t\t\t\t<\/div>\n\t\t<\/div>\n\t\t\t\t<div class=\"elementor-column elementor-col-20 elementor-top-column elementor-element elementor-element-957d1cd ot-flex-column-vertical\" data-id=\"957d1cd\" data-element_type=\"column\">\n\t\t\t<div class=\"elementor-widget-wrap elementor-element-populated\">\n\t\t\t\t\t\t<div class=\"elementor-element elementor-element-3e51726 elementor-widget elementor-widget-iimage_box\" data-id=\"3e51726\" data-element_type=\"widget\" data-widget_type=\"iimage_box.default\">\n\t\t\t\t<div class=\"elementor-widget-container\">\n\t\t\t\t\t\r\n\t\t<div class=\"ot-image-box\">\r\n\t\t\t<a href=\"https:\/\/mexrockdrill.com\/\"><img decoding=\"async\" width=\"200\" height=\"90\" src=\"https:\/\/www.makroexport.com\/wp-content\/uploads\/mex-rock-drill-logo.png\" class=\"attachment-full size-full wp-image-4097\" alt=\"\" \/><\/a>\t\t\t<div class=\"content-box\">\r\n\t\t\t\t\t\t\t\t<p>Delme ve Patlatma makineleri i\u00e7in yedek par\u00e7a lar\u0131, Atlas Copco - Epiroc - Sandvik - Tamrock - Frukawa - Ingersoll Rand<\/p>\t\t\t<\/div>\r\n\t\t\t<a href=\"https:\/\/mexrockdrill.com\/\" class=\"link-box font-second\"><span>siteyi ziyaret et<\/span><i class=\"ot-flaticon-trajectory\"><\/i><\/a>\t    <\/div>\r\n\r\n\t    \t\t\t\t<\/div>\n\t\t\t\t<\/div>\n\t\t\t\t\t<\/div>\n\t\t<\/div>\n\t\t\t\t<div class=\"elementor-column elementor-col-20 elementor-top-column elementor-element elementor-element-3a4bc52 ot-flex-column-vertical\" data-id=\"3a4bc52\" data-element_type=\"column\">\n\t\t\t<div class=\"elementor-widget-wrap elementor-element-populated\">\n\t\t\t\t\t\t<div class=\"elementor-element elementor-element-d8a38fb elementor-widget elementor-widget-iimage_box\" data-id=\"d8a38fb\" data-element_type=\"widget\" data-widget_type=\"iimage_box.default\">\n\t\t\t\t<div class=\"elementor-widget-container\">\n\t\t\t\t\t\r\n\t\t<div class=\"ot-image-box\">\r\n\t\t\t<a href=\"https:\/\/makromachine.com\"><img loading=\"lazy\" decoding=\"async\" width=\"200\" height=\"90\" src=\"https:\/\/www.makroexport.com\/wp-content\/uploads\/makro-makine.png\" class=\"attachment-full size-full wp-image-4104\" alt=\"\" \/><\/a>\t\t\t<div class=\"content-box\">\r\n\t\t\t\t\t\t\t\t<p>Uzman ekibimizle do\u011fru ara\u015ft\u0131rma, etkili pazarlama ve b\u00fcy\u00fcme odakl\u0131 \u00e7al\u0131\u015farak t\u00fcm d\u0131\u015f ticaret i\u015flerinizi y\u00fcr\u00fct\u00fcyoruz.<\/p>\t\t\t<\/div>\r\n\t\t\t<a href=\"https:\/\/makromachine.com\" class=\"link-box font-second\"><span>siteyi ziyaret et<\/span><i class=\"ot-flaticon-trajectory\"><\/i><\/a>\t    <\/div>\r\n\r\n\t    \t\t\t\t<\/div>\n\t\t\t\t<\/div>\n\t\t\t\t\t<\/div>\n\t\t<\/div>\n\t\t\t\t\t<\/div>\n\t\t<\/section>\n\t\t\t\t<\/div>\n\t\t","protected":false},"excerpt":{"rendered":"<p>MAKRO EXPORT \u015eirketler Grubu G\u00fc\u00e7l\u00fc \u015firketler g\u00fc\u00e7l\u00fc ekiplerle ve i\u015finin uzman\u0131 profesyonellerle \u00e7al\u0131\u015farak de\u011fi\u015fen d\u00fcnyaya ayak uyduran, yeni f\u0131rsatlar\u0131 g\u00f6rebilen \u015firketlerdir. Uzman ekibimizle do\u011fru ara\u015ft\u0131rma, etkili pazarlama ve b\u00fcy\u00fcme odakl\u0131 \u00e7al\u0131\u015farak t\u00fcm d\u0131\u015f ticaret i\u015flerinizi y\u00fcr\u00fct\u00fcyoruz. siteyi ziyaret et Ba\u011flant\u0131 elemanlar\u0131 grubunda vida, civata, somun ve d\u00fcbel \u00e7e\u015fitleri imalat\u0131 ile hizmet vermekteyiz siteyi ziyaret et [&hellip;]<\/p>\n","protected":false},"author":1,"featured_media":0,"parent":0,"menu_order":0,"comment_status":"closed","ping_status":"closed","template":"","meta":{"footnotes":""},"class_list":["post-2511","page","type-page","status-publish","hentry"],"_links":{"self":[{"href":"https:\/\/www.makroexport.com\/tr\/wp-json\/wp\/v2\/pages\/2511","targetHints":{"allow":["GET"]}}],"collection":[{"href":"https:\/\/www.makroexport.com\/tr\/wp-json\/wp\/v2\/pages"}],"about":[{"href":"https:\/\/www.makroexport.com\/tr\/wp-json\/wp\/v2\/types\/page"}],"author":[{"embeddable":true,"href":"https:\/\/www.makroexport.com\/tr\/wp-json\/wp\/v2\/users\/1"}],"replies":[{"embeddable":true,"href":"https:\/\/www.makroexport.com\/tr\/wp-json\/wp\/v2\/comments?post=2511"}],"version-history":[{"count":171,"href":"https:\/\/www.makroexport.com\/tr\/wp-json\/wp\/v2\/pages\/2511\/revisions"}],"predecessor-version":[{"id":5402,"href":"https:\/\/www.makroexport.com\/tr\/wp-json\/wp\/v2\/pages\/2511\/revisions\/5402"}],"wp:attachment":[{"href":"https:\/\/www.makroexport.com\/tr\/wp-json\/wp\/v2\/media?parent=2511"}],"curies":[{"name":"wp","href":"https:\/\/api.w.org\/{rel}","templated":true}]}}