{"id":2555,"date":"2021-10-27T12:25:22","date_gmt":"2021-10-27T12:25:22","guid":{"rendered":"https:\/\/www.makroexport.com\/hizmetlerimiz\/"},"modified":"2024-01-16T08:31:07","modified_gmt":"2024-01-16T08:31:07","slug":"hizmetlerimiz","status":"publish","type":"page","link":"https:\/\/www.makroexport.com\/tr\/hizmetlerimiz\/","title":{"rendered":"Hizmetlerimiz"},"content":{"rendered":"\t\t<div data-elementor-type=\"wp-page\" data-elementor-id=\"2555\" class=\"elementor elementor-2555\">\n\t\t\t\t\t\t<section class=\"elementor-section elementor-top-section elementor-element elementor-element-50913d0 elementor-section-boxed elementor-section-height-default elementor-section-height-default\" data-id=\"50913d0\" data-element_type=\"section\">\n\t\t\t\t\t\t<div class=\"elementor-container elementor-column-gap-default\">\n\t\t\t\t\t<div class=\"elementor-column elementor-col-100 elementor-top-column elementor-element elementor-element-6431d9b ot-flex-column-vertical\" data-id=\"6431d9b\" data-element_type=\"column\">\n\t\t\t<div class=\"elementor-widget-wrap elementor-element-populated\">\n\t\t\t\t\t\t<section class=\"elementor-section elementor-inner-section elementor-element elementor-element-2d79a54 elementor-section-full_width elementor-section-height-default elementor-section-height-default\" data-id=\"2d79a54\" data-element_type=\"section\">\n\t\t\t\t\t\t<div class=\"elementor-container elementor-column-gap-default\">\n\t\t\t\t\t<div class=\"elementor-column elementor-col-33 elementor-inner-column elementor-element elementor-element-d6f8efd ot-flex-column-vertical\" data-id=\"d6f8efd\" data-element_type=\"column\">\n\t\t\t<div class=\"elementor-widget-wrap\">\n\t\t\t\t\t\t\t<\/div>\n\t\t<\/div>\n\t\t\t\t<div class=\"elementor-column elementor-col-33 elementor-inner-column elementor-element elementor-element-403e7f7 ot-flex-column-vertical\" data-id=\"403e7f7\" data-element_type=\"column\">\n\t\t\t<div class=\"elementor-widget-wrap elementor-element-populated\">\n\t\t\t\t\t\t<div class=\"elementor-element elementor-element-53a4218 elementor-widget elementor-widget-iheading\" data-id=\"53a4218\" data-element_type=\"widget\" data-widget_type=\"iheading.default\">\n\t\t\t\t<div class=\"elementor-widget-container\">\n\t\t\t\t\t\t\t<div class=\"ot-heading\">\r\n\t        <span class=\"\">\u0130\u015e\u0130N\u0130Z\u0130 GEL\u0130\u015eT\u0130R\u0130N<\/span>\t        <h3 class=\"main-head\">Etkili ve Verimli<br> Bir\u00e7ok Hizmet Birarada<\/h3>\t    <\/div>\r\n\t    \t\t\t\t<\/div>\n\t\t\t\t<\/div>\n\t\t\t\t\t<\/div>\n\t\t<\/div>\n\t\t\t\t<div class=\"elementor-column elementor-col-33 elementor-inner-column elementor-element elementor-element-40e4f84 ot-flex-column-vertical\" data-id=\"40e4f84\" data-element_type=\"column\">\n\t\t\t<div class=\"elementor-widget-wrap\">\n\t\t\t\t\t\t\t<\/div>\n\t\t<\/div>\n\t\t\t\t\t<\/div>\n\t\t<\/section>\n\t\t\t\t<section class=\"elementor-section elementor-inner-section elementor-element elementor-element-33cde09 elementor-section-full_width elementor-section-height-default elementor-section-height-default\" data-id=\"33cde09\" data-element_type=\"section\">\n\t\t\t\t\t\t<div class=\"elementor-container elementor-column-gap-extended\">\n\t\t\t\t\t<div class=\"elementor-column elementor-col-33 elementor-inner-column elementor-element elementor-element-99d507e ot-flex-column-vertical\" data-id=\"99d507e\" data-element_type=\"column\">\n\t\t\t<div class=\"elementor-widget-wrap elementor-element-populated\">\n\t\t\t\t\t\t<div class=\"elementor-element elementor-element-a13a110 elementor-widget elementor-widget-iimage_box\" data-id=\"a13a110\" data-element_type=\"widget\" data-widget_type=\"iimage_box.default\">\n\t\t\t\t<div class=\"elementor-widget-container\">\n\t\t\t\t\t\r\n\t\t<div class=\"ot-image-box\">\r\n\t\t\t<a href=\"https:\/\/www.makroexport.com\/tr\/hizmetlerimiz\/ihracat-danismanligi\/\"><img fetchpriority=\"high\" decoding=\"async\" width=\"1600\" height=\"1036\" src=\"https:\/\/www.makroexport.com\/wp-content\/uploads\/ihracat-dunya-haritasi-makro-export.jpg\" class=\"attachment-full size-full wp-image-2900\" alt=\"\" srcset=\"https:\/\/www.makroexport.com\/wp-content\/uploads\/ihracat-dunya-haritasi-makro-export.jpg 1600w, https:\/\/www.makroexport.com\/wp-content\/uploads\/ihracat-dunya-haritasi-makro-export-300x194.jpg 300w, https:\/\/www.makroexport.com\/wp-content\/uploads\/ihracat-dunya-haritasi-makro-export-1024x663.jpg 1024w, https:\/\/www.makroexport.com\/wp-content\/uploads\/ihracat-dunya-haritasi-makro-export-768x497.jpg 768w, https:\/\/www.makroexport.com\/wp-content\/uploads\/ihracat-dunya-haritasi-makro-export-1536x995.jpg 1536w\" sizes=\"(max-width: 1600px) 100vw, 1600px\" \/><\/a>\t\t\t<div class=\"content-box\">\r\n\t\t\t\t<h5 class=\"title-box\"><a href=\"https:\/\/www.makroexport.com\/tr\/hizmetlerimiz\/ihracat-danismanligi\/\">\u0130hracat Dan\u0131\u015fmanl\u0131\u011f\u0131<\/a><\/h5>\t\t\t\t<p>\u00dcr\u00fcnlerinizi 8 farkl\u0131 dilde t\u00fcm d\u00fcnyaya pazarlayarak firman\u0131z\u0131n ihracat hacmini art\u0131rmak i\u00e7in \u00e7al\u0131\u015f\u0131yoruz.<\/p>\t\t\t<\/div>\r\n\t\t\t<a href=\"https:\/\/www.makroexport.com\/tr\/hizmetlerimiz\/ihracat-danismanligi\/\" class=\"link-box font-second\"><span>Detayl\u0131 \u0130nceleyin<\/span><i class=\"ot-flaticon-trajectory\"><\/i><\/a>\t    <\/div>\r\n\r\n\t    \t\t\t\t<\/div>\n\t\t\t\t<\/div>\n\t\t\t\t\t<\/div>\n\t\t<\/div>\n\t\t\t\t<div class=\"elementor-column elementor-col-33 elementor-inner-column elementor-element elementor-element-beb742d ot-flex-column-vertical\" data-id=\"beb742d\" data-element_type=\"column\">\n\t\t\t<div class=\"elementor-widget-wrap elementor-element-populated\">\n\t\t\t\t\t\t<div class=\"elementor-element elementor-element-8bc24d4 elementor-widget elementor-widget-iimage_box\" data-id=\"8bc24d4\" data-element_type=\"widget\" data-widget_type=\"iimage_box.default\">\n\t\t\t\t<div class=\"elementor-widget-container\">\n\t\t\t\t\t\r\n\t\t<div class=\"ot-image-box\">\r\n\t\t\t<a href=\"https:\/\/www.makroexport.com\/tr\/hizmetlerimiz\/pazar-arastirmasi\/\"><img decoding=\"async\" width=\"870\" height=\"576\" src=\"https:\/\/www.makroexport.com\/wp-content\/uploads\/service-box1-1.jpg\" class=\"attachment-full size-full wp-image-1986\" alt=\"\" srcset=\"https:\/\/www.makroexport.com\/wp-content\/uploads\/service-box1-1.jpg 870w, https:\/\/www.makroexport.com\/wp-content\/uploads\/service-box1-1-300x199.jpg 300w, https:\/\/www.makroexport.com\/wp-content\/uploads\/service-box1-1-768x508.jpg 768w\" sizes=\"(max-width: 870px) 100vw, 870px\" \/><\/a>\t\t\t<div class=\"content-box\">\r\n\t\t\t\t<h5 class=\"title-box\"><a href=\"https:\/\/www.makroexport.com\/tr\/hizmetlerimiz\/pazar-arastirmasi\/\">Pazar Ara\u015ft\u0131rmas\u0131 ve Pazar Analizi<\/a><\/h5>\t\t\t\t<p>Pazar\u0131n bir b\u00fct\u00fcn olarak analizi ve belirli bile\u015fenleri (rakipler, t\u00fcketiciler, \u00fcr\u00fcn vb.)<\/p>\t\t\t<\/div>\r\n\t\t\t<a href=\"https:\/\/www.makroexport.com\/tr\/hizmetlerimiz\/pazar-arastirmasi\/\" class=\"link-box font-second\"><span>Detayl\u0131 \u0130nceleyin<\/span><i class=\"ot-flaticon-trajectory\"><\/i><\/a>\t    <\/div>\r\n\r\n\t    \t\t\t\t<\/div>\n\t\t\t\t<\/div>\n\t\t\t\t\t<\/div>\n\t\t<\/div>\n\t\t\t\t<div class=\"elementor-column elementor-col-33 elementor-inner-column elementor-element elementor-element-ae38be5 ot-flex-column-vertical\" data-id=\"ae38be5\" data-element_type=\"column\">\n\t\t\t<div class=\"elementor-widget-wrap elementor-element-populated\">\n\t\t\t\t\t\t<div class=\"elementor-element elementor-element-3c860b2 elementor-widget elementor-widget-iimage_box\" data-id=\"3c860b2\" data-element_type=\"widget\" data-widget_type=\"iimage_box.default\">\n\t\t\t\t<div class=\"elementor-widget-container\">\n\t\t\t\t\t\r\n\t\t<div class=\"ot-image-box\">\r\n\t\t\t<a href=\"https:\/\/www.makroexport.com\/tr\/hizmetlerimiz\/potansiyel-musteri-bulma\/\"><img decoding=\"async\" width=\"870\" height=\"576\" src=\"https:\/\/www.makroexport.com\/wp-content\/uploads\/service-box2-1.jpg\" class=\"attachment-full size-full wp-image-1987\" alt=\"\" srcset=\"https:\/\/www.makroexport.com\/wp-content\/uploads\/service-box2-1.jpg 870w, https:\/\/www.makroexport.com\/wp-content\/uploads\/service-box2-1-300x199.jpg 300w, https:\/\/www.makroexport.com\/wp-content\/uploads\/service-box2-1-768x508.jpg 768w\" sizes=\"(max-width: 870px) 100vw, 870px\" \/><\/a>\t\t\t<div class=\"content-box\">\r\n\t\t\t\t<h5 class=\"title-box\"><a href=\"https:\/\/www.makroexport.com\/tr\/hizmetlerimiz\/potansiyel-musteri-bulma\/\">Potansiyel M\u00fc\u015fteri Bulma<\/a><\/h5>\t\t\t\t<p>T\u00fcm d\u00fcnyadan istedi\u011finiz \u00fcr\u00fcn\u00fc hangi \u015firketler al\u0131yor veya alabilir diye ara\u015ft\u0131rma yap\u0131yor ve potansiyel m\u00fc\u015fteri adaylar\u0131n\u0131 listeliyoruz.<\/p>\t\t\t<\/div>\r\n\t\t\t<a href=\"https:\/\/www.makroexport.com\/tr\/hizmetlerimiz\/potansiyel-musteri-bulma\/\" class=\"link-box font-second\"><span>Detayl\u0131 \u0130nceleyin<\/span><i class=\"ot-flaticon-trajectory\"><\/i><\/a>\t    <\/div>\r\n\r\n\t    \t\t\t\t<\/div>\n\t\t\t\t<\/div>\n\t\t\t\t\t<\/div>\n\t\t<\/div>\n\t\t\t\t\t<\/div>\n\t\t<\/section>\n\t\t\t\t<section class=\"elementor-section elementor-inner-section elementor-element elementor-element-89aa30f elementor-hidden-desktop elementor-section-full_width elementor-section-height-default elementor-section-height-default\" data-id=\"89aa30f\" data-element_type=\"section\">\n\t\t\t\t\t\t<div class=\"elementor-container elementor-column-gap-extended\">\n\t\t\t\t\t<div class=\"elementor-column elementor-col-33 elementor-inner-column elementor-element elementor-element-d6a51ae ot-flex-column-vertical\" data-id=\"d6a51ae\" data-element_type=\"column\">\n\t\t\t<div class=\"elementor-widget-wrap elementor-element-populated\">\n\t\t\t\t\t\t<div class=\"elementor-element elementor-element-1cb357c elementor-widget elementor-widget-iimage_box\" data-id=\"1cb357c\" data-element_type=\"widget\" data-widget_type=\"iimage_box.default\">\n\t\t\t\t<div class=\"elementor-widget-container\">\n\t\t\t\t\t\r\n\t\t<div class=\"ot-image-box\">\r\n\t\t\t<a href=\"https:\/\/www.makroexport.com\/tr\/hizmetlerimiz\/hibe-destek-ve-tesvik-danismanligi\/\"><img loading=\"lazy\" decoding=\"async\" width=\"870\" height=\"576\" src=\"https:\/\/www.makroexport.com\/wp-content\/uploads\/service-box6-1.jpg\" class=\"attachment-full size-full wp-image-1991\" alt=\"\" srcset=\"https:\/\/www.makroexport.com\/wp-content\/uploads\/service-box6-1.jpg 870w, https:\/\/www.makroexport.com\/wp-content\/uploads\/service-box6-1-300x199.jpg 300w, https:\/\/www.makroexport.com\/wp-content\/uploads\/service-box6-1-768x508.jpg 768w\" sizes=\"(max-width: 870px) 100vw, 870px\" \/><\/a>\t\t\t<div class=\"content-box\">\r\n\t\t\t\t<h5 class=\"title-box\"><a href=\"https:\/\/www.makroexport.com\/tr\/hizmetlerimiz\/hibe-destek-ve-tesvik-danismanligi\/\">Hibe, Destek ve Te\u015fvik Dan\u0131\u015fmanl\u0131\u011f\u0131<\/a><\/h5>\t\t\t\t<p>Firman\u0131z\u0131n haketti\u011fi hibe ve desteklerden faydalanmas\u0131 i\u00e7in profesyonel ekibimizle yan\u0131n\u0131zday\u0131z.<\/p>\t\t\t<\/div>\r\n\t\t\t<a href=\"https:\/\/www.makroexport.com\/tr\/hizmetlerimiz\/hibe-destek-ve-tesvik-danismanligi\/\" class=\"link-box font-second\"><span>Detayl\u0131 \u0130nceleyin<\/span><i class=\"ot-flaticon-trajectory\"><\/i><\/a>\t    <\/div>\r\n\r\n\t    \t\t\t\t<\/div>\n\t\t\t\t<\/div>\n\t\t\t\t\t<\/div>\n\t\t<\/div>\n\t\t\t\t<div class=\"elementor-column elementor-col-33 elementor-inner-column elementor-element elementor-element-9ec60d8 ot-flex-column-vertical\" data-id=\"9ec60d8\" data-element_type=\"column\">\n\t\t\t<div class=\"elementor-widget-wrap elementor-element-populated\">\n\t\t\t\t\t\t<div class=\"elementor-element elementor-element-880ea70 elementor-widget elementor-widget-iimage_box\" data-id=\"880ea70\" data-element_type=\"widget\" data-widget_type=\"iimage_box.default\">\n\t\t\t\t<div class=\"elementor-widget-container\">\n\t\t\t\t\t\r\n\t\t<div class=\"ot-image-box\">\r\n\t\t\t<a href=\"https:\/\/www.makroexport.com\/tr\/hizmetlerimiz\/ithalat-danismanligi\/\"><img loading=\"lazy\" decoding=\"async\" width=\"870\" height=\"576\" src=\"https:\/\/www.makroexport.com\/wp-content\/uploads\/service-box4-1.jpg\" class=\"attachment-full size-full wp-image-1989\" alt=\"\" srcset=\"https:\/\/www.makroexport.com\/wp-content\/uploads\/service-box4-1.jpg 870w, https:\/\/www.makroexport.com\/wp-content\/uploads\/service-box4-1-300x199.jpg 300w, https:\/\/www.makroexport.com\/wp-content\/uploads\/service-box4-1-768x508.jpg 768w\" sizes=\"(max-width: 870px) 100vw, 870px\" \/><\/a>\t\t\t<div class=\"content-box\">\r\n\t\t\t\t<h5 class=\"title-box\"><a href=\"https:\/\/www.makroexport.com\/tr\/hizmetlerimiz\/ithalat-danismanligi\/\">\u0130thalat Dan\u0131\u015fmanl\u0131\u011f\u0131<\/a><\/h5>\t\t\t\t<p>Yurtd\u0131\u015f\u0131ndan sat\u0131n almak istedi\u011finiz hammadde, yar\u0131 mamul veya mamuller mi var? Makro Export olarak sizin ad\u0131n\u0131za t\u00fcm ithalat s\u00fcrecini y\u00f6netiyoruz.<\/p>\t\t\t<\/div>\r\n\t\t\t<a href=\"https:\/\/www.makroexport.com\/tr\/hizmetlerimiz\/ithalat-danismanligi\/\" class=\"link-box font-second\"><span>Detayl\u0131 \u0130nceleyin<\/span><i class=\"ot-flaticon-trajectory\"><\/i><\/a>\t    <\/div>\r\n\r\n\t    \t\t\t\t<\/div>\n\t\t\t\t<\/div>\n\t\t\t\t\t<\/div>\n\t\t<\/div>\n\t\t\t\t<div class=\"elementor-column elementor-col-33 elementor-inner-column elementor-element elementor-element-1813d8e ot-flex-column-vertical\" data-id=\"1813d8e\" data-element_type=\"column\">\n\t\t\t<div class=\"elementor-widget-wrap elementor-element-populated\">\n\t\t\t\t\t\t<div class=\"elementor-element elementor-element-edcdae5 elementor-widget elementor-widget-iimage_box\" data-id=\"edcdae5\" data-element_type=\"widget\" data-widget_type=\"iimage_box.default\">\n\t\t\t\t<div class=\"elementor-widget-container\">\n\t\t\t\t\t\r\n\t\t<div class=\"ot-image-box\">\r\n\t\t\t<a href=\"https:\/\/www.makroexport.com\/tr\/hizmetlerimiz\/is-gelistirme-danismanligi\/\"><img loading=\"lazy\" decoding=\"async\" width=\"870\" height=\"576\" src=\"https:\/\/www.makroexport.com\/wp-content\/uploads\/service-box3-1.jpg\" class=\"attachment-full size-full wp-image-1988\" alt=\"\" srcset=\"https:\/\/www.makroexport.com\/wp-content\/uploads\/service-box3-1.jpg 870w, https:\/\/www.makroexport.com\/wp-content\/uploads\/service-box3-1-300x199.jpg 300w, https:\/\/www.makroexport.com\/wp-content\/uploads\/service-box3-1-768x508.jpg 768w\" sizes=\"(max-width: 870px) 100vw, 870px\" \/><\/a>\t\t\t<div class=\"content-box\">\r\n\t\t\t\t<h5 class=\"title-box\"><a href=\"https:\/\/www.makroexport.com\/tr\/hizmetlerimiz\/is-gelistirme-danismanligi\/\">\u0130\u015f Geli\u015ftirme Dan\u0131\u015fmanl\u0131\u011f\u0131<\/a><\/h5>\t\t\t\t<p>\u015eirketinizin sekt\u00f6r\u00fcnde b\u00fcy\u00fcmesi ve sa\u011flam ad\u0131mlar atmas\u0131 i\u00e7in yat\u0131r\u0131m projelerinin yap\u0131land\u0131r\u0131lmas\u0131, geli\u015ftirilmesi ve uygulanmas\u0131nda uzmanlar\u0131n ba\u015far\u0131l\u0131 deneyimi sizinle.<\/p>\t\t\t<\/div>\r\n\t\t\t<a href=\"https:\/\/www.makroexport.com\/tr\/hizmetlerimiz\/is-gelistirme-danismanligi\/\" class=\"link-box font-second\"><span>Detayl\u0131 \u0130nceleyin<\/span><i class=\"ot-flaticon-trajectory\"><\/i><\/a>\t    <\/div>\r\n\r\n\t    \t\t\t\t<\/div>\n\t\t\t\t<\/div>\n\t\t\t\t\t<\/div>\n\t\t<\/div>\n\t\t\t\t\t<\/div>\n\t\t<\/section>\n\t\t\t\t<section class=\"elementor-section elementor-inner-section elementor-element elementor-element-ec9ed31 elementor-section-full_width elementor-section-height-default elementor-section-height-default\" data-id=\"ec9ed31\" data-element_type=\"section\" data-settings=\"{&quot;background_background&quot;:&quot;classic&quot;}\">\n\t\t\t\t\t\t<div class=\"elementor-container elementor-column-gap-extended\">\n\t\t\t\t\t<div class=\"elementor-column elementor-col-50 elementor-inner-column elementor-element elementor-element-5e9f9e9 ot-flex-column-vertical\" data-id=\"5e9f9e9\" data-element_type=\"column\">\n\t\t\t<div class=\"elementor-widget-wrap\">\n\t\t\t\t\t\t\t<\/div>\n\t\t<\/div>\n\t\t\t\t<div class=\"elementor-column elementor-col-50 elementor-inner-column elementor-element elementor-element-5df37f4 ot-flex-column-vertical\" data-id=\"5df37f4\" data-element_type=\"column\">\n\t\t\t<div class=\"elementor-widget-wrap\">\n\t\t\t\t\t\t\t<\/div>\n\t\t<\/div>\n\t\t\t\t\t<\/div>\n\t\t<\/section>\n\t\t\t\t\t<\/div>\n\t\t<\/div>\n\t\t\t\t\t<\/div>\n\t\t<\/section>\n\t\t\t\t<\/div>\n\t\t","protected":false},"excerpt":{"rendered":"<p>\u0130\u015e\u0130N\u0130Z\u0130 GEL\u0130\u015eT\u0130R\u0130N Etkili ve Verimli Bir\u00e7ok Hizmet Birarada \u0130hracat Dan\u0131\u015fmanl\u0131\u011f\u0131 \u00dcr\u00fcnlerinizi 8 farkl\u0131 dilde t\u00fcm d\u00fcnyaya pazarlayarak firman\u0131z\u0131n ihracat hacmini art\u0131rmak i\u00e7in \u00e7al\u0131\u015f\u0131yoruz. Detayl\u0131 \u0130nceleyin Pazar Ara\u015ft\u0131rmas\u0131 ve Pazar Analizi Pazar\u0131n bir b\u00fct\u00fcn olarak analizi ve belirli bile\u015fenleri (rakipler, t\u00fcketiciler, \u00fcr\u00fcn vb.) Detayl\u0131 \u0130nceleyin Potansiyel M\u00fc\u015fteri Bulma T\u00fcm d\u00fcnyadan istedi\u011finiz \u00fcr\u00fcn\u00fc hangi \u015firketler al\u0131yor veya [&hellip;]<\/p>\n","protected":false},"author":1,"featured_media":0,"parent":0,"menu_order":0,"comment_status":"closed","ping_status":"closed","template":"","meta":{"footnotes":""},"class_list":["post-2555","page","type-page","status-publish","hentry"],"_links":{"self":[{"href":"https:\/\/www.makroexport.com\/tr\/wp-json\/wp\/v2\/pages\/2555","targetHints":{"allow":["GET"]}}],"collection":[{"href":"https:\/\/www.makroexport.com\/tr\/wp-json\/wp\/v2\/pages"}],"about":[{"href":"https:\/\/www.makroexport.com\/tr\/wp-json\/wp\/v2\/types\/page"}],"author":[{"embeddable":true,"href":"https:\/\/www.makroexport.com\/tr\/wp-json\/wp\/v2\/users\/1"}],"replies":[{"embeddable":true,"href":"https:\/\/www.makroexport.com\/tr\/wp-json\/wp\/v2\/comments?post=2555"}],"version-history":[{"count":40,"href":"https:\/\/www.makroexport.com\/tr\/wp-json\/wp\/v2\/pages\/2555\/revisions"}],"predecessor-version":[{"id":3952,"href":"https:\/\/www.makroexport.com\/tr\/wp-json\/wp\/v2\/pages\/2555\/revisions\/3952"}],"wp:attachment":[{"href":"https:\/\/www.makroexport.com\/tr\/wp-json\/wp\/v2\/media?parent=2555"}],"curies":[{"name":"wp","href":"https:\/\/api.w.org\/{rel}","templated":true}]}}