{"id":3333,"date":"2021-11-16T13:00:24","date_gmt":"2021-11-16T13:00:24","guid":{"rendered":"https:\/\/www.makroexport.com\/?page_id=3333"},"modified":"2021-11-16T19:55:48","modified_gmt":"2021-11-16T19:55:48","slug":"dis-ticaret-danismanlik-hizmetleri","status":"publish","type":"page","link":"https:\/\/www.makroexport.com\/tr\/dis-ticaret-danismanlik-hizmetleri\/","title":{"rendered":"D\u0131\u015f Ticaret Dan\u0131\u015fmanl\u0131k Hizmetleri"},"content":{"rendered":"\t\t<div data-elementor-type=\"wp-page\" data-elementor-id=\"3333\" class=\"elementor elementor-3333\">\n\t\t\t\t\t\t<section class=\"elementor-section elementor-top-section elementor-element elementor-element-0238f9e elementor-section-boxed elementor-section-height-default elementor-section-height-default\" data-id=\"0238f9e\" data-element_type=\"section\">\n\t\t\t\t\t\t<div class=\"elementor-container elementor-column-gap-default\">\n\t\t\t\t\t<div class=\"elementor-column elementor-col-100 elementor-top-column elementor-element elementor-element-513ab33 ot-flex-column-vertical\" data-id=\"513ab33\" data-element_type=\"column\">\n\t\t\t<div class=\"elementor-widget-wrap elementor-element-populated\">\n\t\t\t\t\t\t<div class=\"elementor-element elementor-element-e2dfe3b elementor-widget elementor-widget-iheading\" data-id=\"e2dfe3b\" data-element_type=\"widget\" data-widget_type=\"iheading.default\">\n\t\t\t\t<div class=\"elementor-widget-container\">\n\t\t\t\t\t\t\t<div class=\"ot-heading\">\r\n\t        <span class=\"\">\u00c7ALI\u015eMALARIMIZ<\/span>\t        <h3 class=\"main-head\">UZMANI OLDU\u011eUMUZ \u0130\u015eLER<\/h3>\t    <\/div>\r\n\t    \t\t\t\t<\/div>\n\t\t\t\t<\/div>\n\t\t\t\t<div class=\"elementor-element elementor-element-5d7a201 elementor-widget elementor-widget-ipfilter\" data-id=\"5d7a201\" data-element_type=\"widget\" data-widget_type=\"ipfilter.default\">\n\t\t\t\t<div class=\"elementor-widget-container\">\n\t\t\t\t\t\r\n\t\t<div class=\"project-filter-wrapper\">\r\n\t\t\t\t        \t<div class=\"container\">\r\n\t        \t\t<ul class=\"project_filters \">\r\n\t        \t\t\t\t        \t\t\t \t<li><a href=\"#\" data-filter=\"*\" class=\"selected\">All<span class=\"filter-count\"><\/span><\/a><\/li>\r\n\t        \t\t\t\t\t                \t\t                    <li>\r\n\t\t\t\t\t\t\t\t<a href='#' data-filter='.category-15'>business<span class=\"filter-count\"><\/span><\/a>\r\n\t\t\t\t\t\t\t<\/li>\t                    \r\n\t\t                \t\t                    <li>\r\n\t\t\t\t\t\t\t\t<a href='#' data-filter='.category-16'>finance<span class=\"filter-count\"><\/span><\/a>\r\n\t\t\t\t\t\t\t<\/li>\t                    \r\n\t\t                \t\t                    <li>\r\n\t\t\t\t\t\t\t\t<a href='#' data-filter='.category-17'>marketing<span class=\"filter-count\"><\/span><\/a>\r\n\t\t\t\t\t\t\t<\/li>\t                    \r\n\t\t                \t\t                    <li>\r\n\t\t\t\t\t\t\t\t<a href='#' data-filter='.category-19'>startup<span class=\"filter-count\"><\/span><\/a>\r\n\t\t\t\t\t\t\t<\/li>\t                    \r\n\t\t                \t\t                    <li>\r\n\t\t\t\t\t\t\t\t<a href='#' data-filter='.category-20'>strategy<span class=\"filter-count\"><\/span><\/a>\r\n\t\t\t\t\t\t\t<\/li>\t                    \r\n\t\t                \t\t\t\t\t<\/ul>\r\n\t\t\t\t<\/div>\r\n\t        \t\t\t\t        <div class=\"projects-grid pf_3_cols style-1 img-scale\" data-load=\"3\" data-count=\"12\">\r\n\t\t\t<div class=\"grid-sizer\"><\/div>\r\n\t            <div class=\"project-item category-15 category-16 \">\r\n\t<div class=\"projects-box\">\r\n\t\t<div class=\"projects-thumbnail\" data-src=\"https:\/\/www.makroexport.com\/wp-content\/uploads\/project1-1.jpg\" data-sub-html=\"Business Consultation\">\r\n\t\t\t<a href=\"https:\/\/www.makroexport.com\/tr\/portfolio\/business-consultation\/\">\r\n\t\t\t\t<img fetchpriority=\"high\" decoding=\"async\" width=\"600\" height=\"600\" src=\"https:\/\/www.makroexport.com\/wp-content\/uploads\/project1-1-600x600.jpg\" class=\"attachment-maxbizz-portfolio-thumbnail-grid size-maxbizz-portfolio-thumbnail-grid wp-post-image\" alt=\"\" srcset=\"https:\/\/www.makroexport.com\/wp-content\/uploads\/project1-1-600x600.jpg 600w, https:\/\/www.makroexport.com\/wp-content\/uploads\/project1-1-300x300.jpg 300w, https:\/\/www.makroexport.com\/wp-content\/uploads\/project1-1-1024x1024.jpg 1024w, https:\/\/www.makroexport.com\/wp-content\/uploads\/project1-1-150x150.jpg 150w, https:\/\/www.makroexport.com\/wp-content\/uploads\/project1-1-768x768.jpg 768w, https:\/\/www.makroexport.com\/wp-content\/uploads\/project1-1-1200x1200.jpg 1200w, https:\/\/www.makroexport.com\/wp-content\/uploads\/project1-1.jpg 1420w\" sizes=\"(max-width: 600px) 100vw, 600px\" \/>\t\t\t<\/a>\r\n\t\t\t<span class=\"overlay\"><i class=\"ot-flaticon-signs\"><\/i><\/span>\r\n\t\t<\/div>\r\n\t\t<div class=\"portfolio-info\">\r\n\t\t\t<a href=\"https:\/\/www.makroexport.com\/tr\/portfolio\/business-consultation\/\" class=\"overlay\"><\/a>\r\n\t\t\t<div class=\"portfolio-info-inner\">\r\n\t\t\t\t<a href=\"https:\/\/www.makroexport.com\/tr\/portfolio\/business-consultation\/\" class=\"plus\"><i class=\"ot-flaticon-signs\"><\/i><\/a>\r\n\t\t\t\t<h5><a class=\"title-link\" href=\"https:\/\/www.makroexport.com\/tr\/portfolio\/business-consultation\/\">Business Consultation<\/a><\/h5>\r\n\t\t\t\t<p class=\"portfolio-cates\"><span> \/ <\/span><a href=\"https:\/\/www.makroexport.com\/portfolio-category\/business\/\">business<\/a><span> \/ <\/span><a href=\"https:\/\/www.makroexport.com\/portfolio-category\/finance\/\">finance<\/a><\/p> \r\n\t\t\t<\/div>\r\n\t\t<\/div>\r\n\t<\/div>\r\n<\/div><div class=\"project-item category-16 category-17 \">\r\n\t<div class=\"projects-box\">\r\n\t\t<div class=\"projects-thumbnail\" data-src=\"https:\/\/www.makroexport.com\/wp-content\/uploads\/project2-1.jpg\" data-sub-html=\"\u0130hracat Finansman Dan\u0131\u015fmanl\u0131\u011f\u0131\">\r\n\t\t\t<a href=\"https:\/\/www.makroexport.com\/tr\/portfolio\/ihracat-finansman-danismanligi\/\">\r\n\t\t\t\t<img decoding=\"async\" width=\"600\" height=\"600\" src=\"https:\/\/www.makroexport.com\/wp-content\/uploads\/project2-1-600x600.jpg\" class=\"attachment-maxbizz-portfolio-thumbnail-grid size-maxbizz-portfolio-thumbnail-grid wp-post-image\" alt=\"\" srcset=\"https:\/\/www.makroexport.com\/wp-content\/uploads\/project2-1-600x600.jpg 600w, https:\/\/www.makroexport.com\/wp-content\/uploads\/project2-1-150x150.jpg 150w, https:\/\/www.makroexport.com\/wp-content\/uploads\/project2-1-1200x1200.jpg 1200w\" sizes=\"(max-width: 600px) 100vw, 600px\" \/>\t\t\t<\/a>\r\n\t\t\t<span class=\"overlay\"><i class=\"ot-flaticon-signs\"><\/i><\/span>\r\n\t\t<\/div>\r\n\t\t<div class=\"portfolio-info\">\r\n\t\t\t<a href=\"https:\/\/www.makroexport.com\/tr\/portfolio\/ihracat-finansman-danismanligi\/\" class=\"overlay\"><\/a>\r\n\t\t\t<div class=\"portfolio-info-inner\">\r\n\t\t\t\t<a href=\"https:\/\/www.makroexport.com\/tr\/portfolio\/ihracat-finansman-danismanligi\/\" class=\"plus\"><i class=\"ot-flaticon-signs\"><\/i><\/a>\r\n\t\t\t\t<h5><a class=\"title-link\" href=\"https:\/\/www.makroexport.com\/tr\/portfolio\/ihracat-finansman-danismanligi\/\">\u0130hracat Finansman Dan\u0131\u015fmanl\u0131\u011f\u0131<\/a><\/h5>\r\n\t\t\t\t<p class=\"portfolio-cates\"><span> \/ <\/span><a href=\"https:\/\/www.makroexport.com\/portfolio-category\/finance\/\">finance<\/a><span> \/ <\/span><a href=\"https:\/\/www.makroexport.com\/portfolio-category\/marketing\/\">marketing<\/a><\/p> \r\n\t\t\t<\/div>\r\n\t\t<\/div>\r\n\t<\/div>\r\n<\/div><div class=\"project-item category-16 category-17 \">\r\n\t<div class=\"projects-box\">\r\n\t\t<div class=\"projects-thumbnail\" data-src=\"https:\/\/www.makroexport.com\/wp-content\/uploads\/project-3-1.jpg\" data-sub-html=\"Digital Marketing\">\r\n\t\t\t<a href=\"https:\/\/www.makroexport.com\/tr\/portfolio\/digital-marketing\/\">\r\n\t\t\t\t<img decoding=\"async\" width=\"600\" height=\"600\" src=\"https:\/\/www.makroexport.com\/wp-content\/uploads\/project-3-1-600x600.jpg\" class=\"attachment-maxbizz-portfolio-thumbnail-grid size-maxbizz-portfolio-thumbnail-grid wp-post-image\" alt=\"\" srcset=\"https:\/\/www.makroexport.com\/wp-content\/uploads\/project-3-1-600x600.jpg 600w, https:\/\/www.makroexport.com\/wp-content\/uploads\/project-3-1-300x300.jpg 300w, https:\/\/www.makroexport.com\/wp-content\/uploads\/project-3-1-150x150.jpg 150w, https:\/\/www.makroexport.com\/wp-content\/uploads\/project-3-1.jpg 719w\" sizes=\"(max-width: 600px) 100vw, 600px\" \/>\t\t\t<\/a>\r\n\t\t\t<span class=\"overlay\"><i class=\"ot-flaticon-signs\"><\/i><\/span>\r\n\t\t<\/div>\r\n\t\t<div class=\"portfolio-info\">\r\n\t\t\t<a href=\"https:\/\/www.makroexport.com\/tr\/portfolio\/digital-marketing\/\" class=\"overlay\"><\/a>\r\n\t\t\t<div class=\"portfolio-info-inner\">\r\n\t\t\t\t<a href=\"https:\/\/www.makroexport.com\/tr\/portfolio\/digital-marketing\/\" class=\"plus\"><i class=\"ot-flaticon-signs\"><\/i><\/a>\r\n\t\t\t\t<h5><a class=\"title-link\" href=\"https:\/\/www.makroexport.com\/tr\/portfolio\/digital-marketing\/\">Digital Marketing<\/a><\/h5>\r\n\t\t\t\t<p class=\"portfolio-cates\"><span> \/ <\/span><a href=\"https:\/\/www.makroexport.com\/portfolio-category\/finance\/\">finance<\/a><span> \/ <\/span><a href=\"https:\/\/www.makroexport.com\/portfolio-category\/marketing\/\">marketing<\/a><\/p> \r\n\t\t\t<\/div>\r\n\t\t<\/div>\r\n\t<\/div>\r\n<\/div><div class=\"project-item category-15 category-16 \">\r\n\t<div class=\"projects-box\">\r\n\t\t<div class=\"projects-thumbnail\" data-src=\"https:\/\/www.makroexport.com\/wp-content\/uploads\/project-4-1.jpg\" data-sub-html=\"EXIM ve IFC \u0130hracat Kredisi Alma\">\r\n\t\t\t<a href=\"https:\/\/www.makroexport.com\/tr\/portfolio\/exim-ve-ifc-ihracat-kredisi-alma\/\">\r\n\t\t\t\t<img loading=\"lazy\" decoding=\"async\" width=\"600\" height=\"600\" src=\"https:\/\/www.makroexport.com\/wp-content\/uploads\/project-4-1-600x600.jpg\" class=\"attachment-maxbizz-portfolio-thumbnail-grid size-maxbizz-portfolio-thumbnail-grid wp-post-image\" alt=\"\" srcset=\"https:\/\/www.makroexport.com\/wp-content\/uploads\/project-4-1-600x600.jpg 600w, https:\/\/www.makroexport.com\/wp-content\/uploads\/project-4-1-150x150.jpg 150w\" sizes=\"(max-width: 600px) 100vw, 600px\" \/>\t\t\t<\/a>\r\n\t\t\t<span class=\"overlay\"><i class=\"ot-flaticon-signs\"><\/i><\/span>\r\n\t\t<\/div>\r\n\t\t<div class=\"portfolio-info\">\r\n\t\t\t<a href=\"https:\/\/www.makroexport.com\/tr\/portfolio\/exim-ve-ifc-ihracat-kredisi-alma\/\" class=\"overlay\"><\/a>\r\n\t\t\t<div class=\"portfolio-info-inner\">\r\n\t\t\t\t<a href=\"https:\/\/www.makroexport.com\/tr\/portfolio\/exim-ve-ifc-ihracat-kredisi-alma\/\" class=\"plus\"><i class=\"ot-flaticon-signs\"><\/i><\/a>\r\n\t\t\t\t<h5><a class=\"title-link\" href=\"https:\/\/www.makroexport.com\/tr\/portfolio\/exim-ve-ifc-ihracat-kredisi-alma\/\">EXIM ve IFC \u0130hracat Kredisi Alma<\/a><\/h5>\r\n\t\t\t\t<p class=\"portfolio-cates\"><span> \/ <\/span><a href=\"https:\/\/www.makroexport.com\/portfolio-category\/business\/\">business<\/a><span> \/ <\/span><a href=\"https:\/\/www.makroexport.com\/portfolio-category\/finance\/\">finance<\/a><\/p> \r\n\t\t\t<\/div>\r\n\t\t<\/div>\r\n\t<\/div>\r\n<\/div><div class=\"project-item category-19 category-20 \">\r\n\t<div class=\"projects-box\">\r\n\t\t<div class=\"projects-thumbnail\" data-src=\"https:\/\/www.makroexport.com\/wp-content\/uploads\/project-6-1.jpg\" data-sub-html=\"T\u00dcB\u0130TAK Proje Dan\u0131\u015fmanl\u0131\u011f\u0131\">\r\n\t\t\t<a href=\"https:\/\/www.makroexport.com\/tr\/portfolio\/tubitak-proje-danismanligi\/\">\r\n\t\t\t\t<img loading=\"lazy\" decoding=\"async\" width=\"600\" height=\"600\" src=\"https:\/\/www.makroexport.com\/wp-content\/uploads\/project-6-1-600x600.jpg\" class=\"attachment-maxbizz-portfolio-thumbnail-grid size-maxbizz-portfolio-thumbnail-grid wp-post-image\" alt=\"\" srcset=\"https:\/\/www.makroexport.com\/wp-content\/uploads\/project-6-1-600x600.jpg 600w, https:\/\/www.makroexport.com\/wp-content\/uploads\/project-6-1-300x300.jpg 300w, https:\/\/www.makroexport.com\/wp-content\/uploads\/project-6-1-150x150.jpg 150w, https:\/\/www.makroexport.com\/wp-content\/uploads\/project-6-1.jpg 605w\" sizes=\"(max-width: 600px) 100vw, 600px\" \/>\t\t\t<\/a>\r\n\t\t\t<span class=\"overlay\"><i class=\"ot-flaticon-signs\"><\/i><\/span>\r\n\t\t<\/div>\r\n\t\t<div class=\"portfolio-info\">\r\n\t\t\t<a href=\"https:\/\/www.makroexport.com\/tr\/portfolio\/tubitak-proje-danismanligi\/\" class=\"overlay\"><\/a>\r\n\t\t\t<div class=\"portfolio-info-inner\">\r\n\t\t\t\t<a href=\"https:\/\/www.makroexport.com\/tr\/portfolio\/tubitak-proje-danismanligi\/\" class=\"plus\"><i class=\"ot-flaticon-signs\"><\/i><\/a>\r\n\t\t\t\t<h5><a class=\"title-link\" href=\"https:\/\/www.makroexport.com\/tr\/portfolio\/tubitak-proje-danismanligi\/\">T\u00dcB\u0130TAK Proje Dan\u0131\u015fmanl\u0131\u011f\u0131<\/a><\/h5>\r\n\t\t\t\t<p class=\"portfolio-cates\"><span> \/ <\/span><a href=\"https:\/\/www.makroexport.com\/portfolio-category\/startup\/\">startup<\/a><span> \/ <\/span><a href=\"https:\/\/www.makroexport.com\/portfolio-category\/strategy\/\">strategy<\/a><\/p> \r\n\t\t\t<\/div>\r\n\t\t<\/div>\r\n\t<\/div>\r\n<\/div><div class=\"project-item category-16 category-19 \">\r\n\t<div class=\"projects-box\">\r\n\t\t<div class=\"projects-thumbnail\" data-src=\"https:\/\/www.makroexport.com\/wp-content\/uploads\/project-5-1.jpg\" data-sub-html=\"GOST Belgesi Dan\u0131\u015fmanl\u0131\u011f\u0131\">\r\n\t\t\t<a href=\"https:\/\/www.makroexport.com\/tr\/portfolio\/gost-belgesi-danismanligi\/\">\r\n\t\t\t\t<img loading=\"lazy\" decoding=\"async\" width=\"600\" height=\"600\" src=\"https:\/\/www.makroexport.com\/wp-content\/uploads\/project-5-1-600x600.jpg\" class=\"attachment-maxbizz-portfolio-thumbnail-grid size-maxbizz-portfolio-thumbnail-grid wp-post-image\" alt=\"\" srcset=\"https:\/\/www.makroexport.com\/wp-content\/uploads\/project-5-1-600x600.jpg 600w, https:\/\/www.makroexport.com\/wp-content\/uploads\/project-5-1-150x150.jpg 150w\" sizes=\"(max-width: 600px) 100vw, 600px\" \/>\t\t\t<\/a>\r\n\t\t\t<span class=\"overlay\"><i class=\"ot-flaticon-signs\"><\/i><\/span>\r\n\t\t<\/div>\r\n\t\t<div class=\"portfolio-info\">\r\n\t\t\t<a href=\"https:\/\/www.makroexport.com\/tr\/portfolio\/gost-belgesi-danismanligi\/\" class=\"overlay\"><\/a>\r\n\t\t\t<div class=\"portfolio-info-inner\">\r\n\t\t\t\t<a href=\"https:\/\/www.makroexport.com\/tr\/portfolio\/gost-belgesi-danismanligi\/\" class=\"plus\"><i class=\"ot-flaticon-signs\"><\/i><\/a>\r\n\t\t\t\t<h5><a class=\"title-link\" href=\"https:\/\/www.makroexport.com\/tr\/portfolio\/gost-belgesi-danismanligi\/\">GOST Belgesi Dan\u0131\u015fmanl\u0131\u011f\u0131<\/a><\/h5>\r\n\t\t\t\t<p class=\"portfolio-cates\"><span> \/ <\/span><a href=\"https:\/\/www.makroexport.com\/portfolio-category\/finance\/\">finance<\/a><span> \/ <\/span><a href=\"https:\/\/www.makroexport.com\/portfolio-category\/startup\/\">startup<\/a><\/p> \r\n\t\t\t<\/div>\r\n\t\t<\/div>\r\n\t<\/div>\r\n<\/div>\t\t\t<\/div>\r\n\r\n\t\t\t<div class=\"btn-block\"><span class=\"btn-loadmore octf-btn\" data-category=\"\" data-loaded=\"Devam\u0131\" data-loading=\"Y\u00fckleniyor...\" data-style=\"p-grid\">Devam\u0131<\/span><\/div>\t    <\/div>\r\n\t\t\t\t\t\t\t\t\t\t\r\n\t    \t\t\t\t<\/div>\n\t\t\t\t<\/div>\n\t\t\t\t\t<\/div>\n\t\t<\/div>\n\t\t\t\t\t<\/div>\n\t\t<\/section>\n\t\t\t\t<\/div>\n\t\t","protected":false},"excerpt":{"rendered":"<p>\u00c7ALI\u015eMALARIMIZ UZMANI OLDU\u011eUMUZ \u0130\u015eLER All business finance marketing startup strategy Business Consultation \/ business \/ finance Finance Strategy \/ finance \/ marketing Digital Marketing \/ finance \/ marketing Enterprise Loan \/ business \/ marketing Data Analytics \/ startup \/ strategy Fund Management \/ finance \/ startup Devam\u0131<\/p>\n","protected":false},"author":1,"featured_media":0,"parent":0,"menu_order":0,"comment_status":"closed","ping_status":"closed","template":"","meta":{"footnotes":""},"class_list":["post-3333","page","type-page","status-publish","hentry"],"_links":{"self":[{"href":"https:\/\/www.makroexport.com\/tr\/wp-json\/wp\/v2\/pages\/3333","targetHints":{"allow":["GET"]}}],"collection":[{"href":"https:\/\/www.makroexport.com\/tr\/wp-json\/wp\/v2\/pages"}],"about":[{"href":"https:\/\/www.makroexport.com\/tr\/wp-json\/wp\/v2\/types\/page"}],"author":[{"embeddable":true,"href":"https:\/\/www.makroexport.com\/tr\/wp-json\/wp\/v2\/users\/1"}],"replies":[{"embeddable":true,"href":"https:\/\/www.makroexport.com\/tr\/wp-json\/wp\/v2\/comments?post=3333"}],"version-history":[{"count":6,"href":"https:\/\/www.makroexport.com\/tr\/wp-json\/wp\/v2\/pages\/3333\/revisions"}],"predecessor-version":[{"id":3416,"href":"https:\/\/www.makroexport.com\/tr\/wp-json\/wp\/v2\/pages\/3333\/revisions\/3416"}],"wp:attachment":[{"href":"https:\/\/www.makroexport.com\/tr\/wp-json\/wp\/v2\/media?parent=3333"}],"curies":[{"name":"wp","href":"https:\/\/api.w.org\/{rel}","templated":true}]}}