{"id":3966,"date":"2024-01-17T06:34:20","date_gmt":"2024-01-17T06:34:20","guid":{"rendered":"https:\/\/www.makroexport.com\/?page_id=3966"},"modified":"2024-01-17T13:23:59","modified_gmt":"2024-01-17T13:23:59","slug":"makro-export","status":"publish","type":"page","link":"https:\/\/www.makroexport.com\/tr\/makro-export\/","title":{"rendered":"makro export"},"content":{"rendered":"\t\t<div data-elementor-type=\"wp-page\" data-elementor-id=\"3966\" class=\"elementor elementor-3966\">\n\t\t\t\t\t\t<section class=\"elementor-section elementor-top-section elementor-element elementor-element-25b4576 elementor-section-full_width elementor-section-content-middle elementor-section-height-default elementor-section-height-default\" data-id=\"25b4576\" data-element_type=\"section\">\n\t\t\t\t\t\t<div class=\"elementor-container elementor-column-gap-no\">\n\t\t\t\t\t<div class=\"elementor-column elementor-col-50 elementor-top-column elementor-element elementor-element-6305905 ot-flex-column-vertical\" data-id=\"6305905\" data-element_type=\"column\" data-settings=\"{&quot;background_background&quot;:&quot;classic&quot;}\">\n\t\t\t<div class=\"elementor-widget-wrap elementor-element-populated\">\n\t\t\t\t\t\t<section class=\"elementor-section elementor-inner-section elementor-element elementor-element-d5dbc52 mr_0 elementor-section-boxed elementor-section-height-default elementor-section-height-default\" data-id=\"d5dbc52\" data-element_type=\"section\">\n\t\t\t\t\t\t<div class=\"elementor-container elementor-column-gap-default\">\n\t\t\t\t\t<div class=\"elementor-column elementor-col-100 elementor-inner-column elementor-element elementor-element-f0ca2a8 ot-flex-column-vertical\" data-id=\"f0ca2a8\" data-element_type=\"column\">\n\t\t\t<div class=\"elementor-widget-wrap elementor-element-populated\">\n\t\t\t\t\t\t<div class=\"elementor-element elementor-element-eb45fa2 elementor-widget elementor-widget-iheading\" data-id=\"eb45fa2\" data-element_type=\"widget\" data-widget_type=\"iheading.default\">\n\t\t\t\t<div class=\"elementor-widget-container\">\n\t\t\t\t\t\t\t<div class=\"ot-heading\">\r\n\t        <span class=\"\">MAKRO EXPORT<\/span>\t        <h2 class=\"main-head\">\u015eirketler Grubu<\/h2>\t    <\/div>\r\n\t    \t\t\t\t<\/div>\n\t\t\t\t<\/div>\n\t\t\t\t<div class=\"elementor-element elementor-element-0f717d8 elementor-widget elementor-widget-text-editor\" data-id=\"0f717d8\" data-element_type=\"widget\" data-widget_type=\"text-editor.default\">\n\t\t\t\t<div class=\"elementor-widget-container\">\n\t\t\t\t\t\t\t\t\t<p>G\u00fc\u00e7l\u00fc \u015firketler g\u00fc\u00e7l\u00fc ekiplerle ve i\u015finin uzman\u0131 profesyonellerle \u00e7al\u0131\u015farak de\u011fi\u015fen d\u00fcnyaya ayak uyduran, yeni f\u0131rsatlar\u0131 g\u00f6rebilen \u015firketlerdir.<\/p>\t\t\t\t\t\t\t\t<\/div>\n\t\t\t\t<\/div>\n\t\t\t\t\t<\/div>\n\t\t<\/div>\n\t\t\t\t\t<\/div>\n\t\t<\/section>\n\t\t\t\t\t<\/div>\n\t\t<\/div>\n\t\t\t\t<div class=\"elementor-column elementor-col-50 elementor-top-column elementor-element elementor-element-583c1fc ot-flex-column-vertical\" data-id=\"583c1fc\" data-element_type=\"column\">\n\t\t\t<div class=\"elementor-widget-wrap elementor-element-populated\">\n\t\t\t\t\t\t<div class=\"elementor-element elementor-element-4ebe23f elementor-widget__width-initial elementor-widget elementor-widget-image\" data-id=\"4ebe23f\" data-element_type=\"widget\" data-widget_type=\"image.default\">\n\t\t\t\t<div class=\"elementor-widget-container\">\n\t\t\t\t\t\t\t\t\t\t\t\t\t\t\t<img fetchpriority=\"high\" decoding=\"async\" width=\"959\" height=\"650\" src=\"https:\/\/www.makroexport.com\/wp-content\/uploads\/image2-home3.jpg\" class=\"attachment-full size-full wp-image-2296\" alt=\"\" srcset=\"https:\/\/www.makroexport.com\/wp-content\/uploads\/image2-home3.jpg 959w, https:\/\/www.makroexport.com\/wp-content\/uploads\/image2-home3-300x203.jpg 300w, https:\/\/www.makroexport.com\/wp-content\/uploads\/image2-home3-768x521.jpg 768w\" sizes=\"(max-width: 959px) 100vw, 959px\" \/>\t\t\t\t\t\t\t\t\t\t\t\t\t\t\t<\/div>\n\t\t\t\t<\/div>\n\t\t\t\t<div class=\"elementor-element elementor-element-547e808 elementor-widget__width-auto elementor-absolute elementor-widget elementor-widget-ivideopopup\" data-id=\"547e808\" data-element_type=\"widget\" data-settings=\"{&quot;_position&quot;:&quot;absolute&quot;}\" data-widget_type=\"ivideopopup.default\">\n\t\t\t\t<div class=\"elementor-widget-container\">\n\t\t\t\t\t\t\t\r\n\t\t<div class=\"ot-video-button flex-middle\">\r\n\t        <a class=\"btn-play\" href=\"https:\/\/vimeo.com\/87959439\">\r\n\t\t\t\t<i class=\"ot-flaticon-play\"><\/i>\r\n\t\t\t\t<span class=\"circle-1\"><\/span>\t        <\/a>\r\n\t        \t    <\/div>\r\n\t    \r\n\t    \t\t\t\t<\/div>\n\t\t\t\t<\/div>\n\t\t\t\t\t<\/div>\n\t\t<\/div>\n\t\t\t\t\t<\/div>\n\t\t<\/section>\n\t\t\t\t<section class=\"elementor-section elementor-top-section elementor-element elementor-element-9cd2491 elementor-section-boxed elementor-section-height-default elementor-section-height-default\" data-id=\"9cd2491\" data-element_type=\"section\">\n\t\t\t\t\t\t<div class=\"elementor-container elementor-column-gap-default\">\n\t\t\t\t\t<div class=\"elementor-column elementor-col-20 elementor-top-column elementor-element elementor-element-e239e31 ot-flex-column-vertical\" data-id=\"e239e31\" data-element_type=\"column\">\n\t\t\t<div class=\"elementor-widget-wrap elementor-element-populated\">\n\t\t\t\t\t\t<div class=\"elementor-element elementor-element-70366a1 elementor-widget elementor-widget-iimage_box\" data-id=\"70366a1\" data-element_type=\"widget\" data-widget_type=\"iimage_box.default\">\n\t\t\t\t<div class=\"elementor-widget-container\">\n\t\t\t\t\t\r\n\t\t<div class=\"ot-image-box\">\r\n\t\t\t<a href=\"https:\/\/www.makroexport.com\/tr\/\" target=\"_blank\"><img decoding=\"async\" src=\"https:\/\/www.makroexport.com\/wp-content\/uploads\/elementor\/thumbs\/makro-export-logo-qifpdzb5ii679o49a6a6djmqlq1hfyonhzv6p74j9g.png\" title=\"makro-export-logo\" alt=\"makro-export-logo\" loading=\"lazy\" \/><\/a>\t\t\t<div class=\"content-box\">\r\n\t\t\t\t\t\t\t\t<p>Uzman ekibimizle do\u011fru ara\u015ft\u0131rma, etkili pazarlama ve b\u00fcy\u00fcme odakl\u0131 \u00e7al\u0131\u015farak t\u00fcm d\u0131\u015f ticaret i\u015flerinizi y\u00fcr\u00fct\u00fcyoruz.<\/p>\t\t\t<\/div>\r\n\t\t\t<a href=\"https:\/\/www.makroexport.com\/tr\/\" target=\"_blank\" class=\"link-box font-second\"><span>siteyi ziyaret et<\/span><i class=\"ot-flaticon-trajectory\"><\/i><\/a>\t    <\/div>\r\n\r\n\t    \t\t\t\t<\/div>\n\t\t\t\t<\/div>\n\t\t\t\t\t<\/div>\n\t\t<\/div>\n\t\t\t\t<div class=\"elementor-column elementor-col-20 elementor-top-column elementor-element elementor-element-ddcac69 ot-flex-column-vertical\" data-id=\"ddcac69\" data-element_type=\"column\">\n\t\t\t<div class=\"elementor-widget-wrap elementor-element-populated\">\n\t\t\t\t\t\t<div class=\"elementor-element elementor-element-6f40498 elementor-widget elementor-widget-iimage_box\" data-id=\"6f40498\" data-element_type=\"widget\" data-widget_type=\"iimage_box.default\">\n\t\t\t\t<div class=\"elementor-widget-container\">\n\t\t\t\t\t\r\n\t\t<div class=\"ot-image-box\">\r\n\t\t\t<a href=\"#\"><img decoding=\"async\" src=\"https:\/\/www.makroexport.com\/wp-content\/uploads\/mex-baglanti-logo.png\" title=\"mex-baglanti-logo\" alt=\"mex-baglanti-logo\" loading=\"lazy\" \/><\/a>\t\t\t<div class=\"content-box\">\r\n\t\t\t\t\t\t\t\t<p>Uzman ekibimizle do\u011fru ara\u015ft\u0131rma, etkili pazarlama ve b\u00fcy\u00fcme odakl\u0131 \u00e7al\u0131\u015farak t\u00fcm d\u0131\u015f ticaret i\u015flerinizi y\u00fcr\u00fct\u00fcyoruz.<\/p>\t\t\t<\/div>\r\n\t\t\t<a href=\"#\" class=\"link-box font-second\"><span>Explore More<\/span><i class=\"ot-flaticon-trajectory\"><\/i><\/a>\t    <\/div>\r\n\r\n\t    \t\t\t\t<\/div>\n\t\t\t\t<\/div>\n\t\t\t\t\t<\/div>\n\t\t<\/div>\n\t\t\t\t<div class=\"elementor-column elementor-col-20 elementor-top-column elementor-element elementor-element-27b33b2 ot-flex-column-vertical\" data-id=\"27b33b2\" data-element_type=\"column\">\n\t\t\t<div class=\"elementor-widget-wrap elementor-element-populated\">\n\t\t\t\t\t\t<div class=\"elementor-element elementor-element-17f5bdd elementor-widget elementor-widget-iimage_box\" data-id=\"17f5bdd\" data-element_type=\"widget\" data-widget_type=\"iimage_box.default\">\n\t\t\t\t<div class=\"elementor-widget-container\">\n\t\t\t\t\t\r\n\t\t<div class=\"ot-image-box\">\r\n\t\t\t<a href=\"#\"><img decoding=\"async\" width=\"200\" height=\"90\" src=\"https:\/\/www.makroexport.com\/wp-content\/uploads\/mex-part-logo.png\" class=\"attachment-full size-full wp-image-4064\" alt=\"\" \/><\/a>\t\t\t<div class=\"content-box\">\r\n\t\t\t\t\t\t\t\t<p>Uzman ekibimizle do\u011fru ara\u015ft\u0131rma, etkili pazarlama ve b\u00fcy\u00fcme odakl\u0131 \u00e7al\u0131\u015farak t\u00fcm d\u0131\u015f ticaret i\u015flerinizi y\u00fcr\u00fct\u00fcyoruz.<\/p>\t\t\t<\/div>\r\n\t\t\t<a href=\"#\" class=\"link-box font-second\"><span>Explore More<\/span><i class=\"ot-flaticon-trajectory\"><\/i><\/a>\t    <\/div>\r\n\r\n\t    \t\t\t\t<\/div>\n\t\t\t\t<\/div>\n\t\t\t\t\t<\/div>\n\t\t<\/div>\n\t\t\t\t<div class=\"elementor-column elementor-col-20 elementor-top-column elementor-element elementor-element-f03927f ot-flex-column-vertical\" data-id=\"f03927f\" data-element_type=\"column\">\n\t\t\t<div class=\"elementor-widget-wrap elementor-element-populated\">\n\t\t\t\t\t\t<div class=\"elementor-element elementor-element-2c6f18c elementor-widget elementor-widget-iimage_box\" data-id=\"2c6f18c\" data-element_type=\"widget\" data-widget_type=\"iimage_box.default\">\n\t\t\t\t<div class=\"elementor-widget-container\">\n\t\t\t\t\t\r\n\t\t<div class=\"ot-image-box\">\r\n\t\t\t<a href=\"#\"><img decoding=\"async\" width=\"200\" height=\"90\" src=\"https:\/\/www.makroexport.com\/wp-content\/uploads\/mex-rock-drill-logo.png\" class=\"attachment-full size-full wp-image-4097\" alt=\"\" \/><\/a>\t\t\t<div class=\"content-box\">\r\n\t\t\t\t\t\t\t\t<p>Uzman ekibimizle do\u011fru ara\u015ft\u0131rma, etkili pazarlama ve b\u00fcy\u00fcme odakl\u0131 \u00e7al\u0131\u015farak t\u00fcm d\u0131\u015f ticaret i\u015flerinizi y\u00fcr\u00fct\u00fcyoruz.<\/p>\t\t\t<\/div>\r\n\t\t\t<a href=\"#\" class=\"link-box font-second\"><span>Explore More<\/span><i class=\"ot-flaticon-trajectory\"><\/i><\/a>\t    <\/div>\r\n\r\n\t    \t\t\t\t<\/div>\n\t\t\t\t<\/div>\n\t\t\t\t\t<\/div>\n\t\t<\/div>\n\t\t\t\t<div class=\"elementor-column elementor-col-20 elementor-top-column elementor-element elementor-element-3dbb6dd ot-flex-column-vertical\" data-id=\"3dbb6dd\" data-element_type=\"column\">\n\t\t\t<div class=\"elementor-widget-wrap elementor-element-populated\">\n\t\t\t\t\t\t<div class=\"elementor-element elementor-element-dd4092f elementor-widget elementor-widget-iimage_box\" data-id=\"dd4092f\" data-element_type=\"widget\" data-widget_type=\"iimage_box.default\">\n\t\t\t\t<div class=\"elementor-widget-container\">\n\t\t\t\t\t\r\n\t\t<div class=\"ot-image-box\">\r\n\t\t\t<a href=\"#\"><img loading=\"lazy\" decoding=\"async\" width=\"200\" height=\"90\" src=\"https:\/\/www.makroexport.com\/wp-content\/uploads\/makro-makine.png\" class=\"attachment-full size-full wp-image-4104\" alt=\"\" \/><\/a>\t\t\t<div class=\"content-box\">\r\n\t\t\t\t\t\t\t\t<p>Uzman ekibimizle do\u011fru ara\u015ft\u0131rma, etkili pazarlama ve b\u00fcy\u00fcme odakl\u0131 \u00e7al\u0131\u015farak t\u00fcm d\u0131\u015f ticaret i\u015flerinizi y\u00fcr\u00fct\u00fcyoruz.<\/p>\t\t\t<\/div>\r\n\t\t\t<a href=\"#\" class=\"link-box font-second\"><span>Explore More<\/span><i class=\"ot-flaticon-trajectory\"><\/i><\/a>\t    <\/div>\r\n\r\n\t    \t\t\t\t<\/div>\n\t\t\t\t<\/div>\n\t\t\t\t\t<\/div>\n\t\t<\/div>\n\t\t\t\t\t<\/div>\n\t\t<\/section>\n\t\t\t\t<\/div>\n\t\t","protected":false},"excerpt":{"rendered":"<p>MAKRO EXPORT \u015eirketler Grubu G\u00fc\u00e7l\u00fc \u015firketler g\u00fc\u00e7l\u00fc ekiplerle ve i\u015finin uzman\u0131 profesyonellerle \u00e7al\u0131\u015farak de\u011fi\u015fen d\u00fcnyaya ayak uyduran, yeni f\u0131rsatlar\u0131 g\u00f6rebilen \u015firketlerdir. Uzman ekibimizle do\u011fru ara\u015ft\u0131rma, etkili pazarlama ve b\u00fcy\u00fcme odakl\u0131 \u00e7al\u0131\u015farak t\u00fcm d\u0131\u015f ticaret i\u015flerinizi y\u00fcr\u00fct\u00fcyoruz. siteyi ziyaret et Uzman ekibimizle do\u011fru ara\u015ft\u0131rma, etkili pazarlama ve b\u00fcy\u00fcme odakl\u0131 \u00e7al\u0131\u015farak t\u00fcm d\u0131\u015f ticaret i\u015flerinizi y\u00fcr\u00fct\u00fcyoruz. Explore [&hellip;]<\/p>\n","protected":false},"author":1,"featured_media":0,"parent":0,"menu_order":0,"comment_status":"closed","ping_status":"closed","template":"","meta":{"footnotes":""},"class_list":["post-3966","page","type-page","status-publish","hentry"],"_links":{"self":[{"href":"https:\/\/www.makroexport.com\/tr\/wp-json\/wp\/v2\/pages\/3966","targetHints":{"allow":["GET"]}}],"collection":[{"href":"https:\/\/www.makroexport.com\/tr\/wp-json\/wp\/v2\/pages"}],"about":[{"href":"https:\/\/www.makroexport.com\/tr\/wp-json\/wp\/v2\/types\/page"}],"author":[{"embeddable":true,"href":"https:\/\/www.makroexport.com\/tr\/wp-json\/wp\/v2\/users\/1"}],"replies":[{"embeddable":true,"href":"https:\/\/www.makroexport.com\/tr\/wp-json\/wp\/v2\/comments?post=3966"}],"version-history":[{"count":93,"href":"https:\/\/www.makroexport.com\/tr\/wp-json\/wp\/v2\/pages\/3966\/revisions"}],"predecessor-version":[{"id":4129,"href":"https:\/\/www.makroexport.com\/tr\/wp-json\/wp\/v2\/pages\/3966\/revisions\/4129"}],"wp:attachment":[{"href":"https:\/\/www.makroexport.com\/tr\/wp-json\/wp\/v2\/media?parent=3966"}],"curies":[{"name":"wp","href":"https:\/\/api.w.org\/{rel}","templated":true}]}}